{"id":10496,"date":"2024-02-12T09:53:39","date_gmt":"2024-02-12T08:53:39","guid":{"rendered":"https:\/\/www.malartic-lagraviere.com\/?page_id=10496"},"modified":"2024-02-13T16:50:04","modified_gmt":"2024-02-13T15:50:04","slug":"contest-malartic-lagraviere","status":"publish","type":"page","link":"https:\/\/www.malartic-lagraviere.com\/en\/accueil\/contest-malartic-lagraviere\/","title":{"rendered":"Contest Malartic-Lagravi\u00e8re"},"content":{"rendered":"","protected":false},"excerpt":{"rendered":"","protected":false},"author":1,"featured_media":10514,"parent":2445,"menu_order":0,"comment_status":"closed","ping_status":"closed","template":"templates\/multiblocs.php","meta":{"_acf_changed":false,"inline_featured_image":false,"footnotes":""},"class_list":["post-10496","page","type-page","status-publish","has-post-thumbnail","hentry"],"acf":[],"yoast_head":"<!-- This site is optimized with the Yoast SEO plugin v25.6 - https:\/\/yoast.com\/wordpress\/plugins\/seo\/ -->\n<title>Contest - Malartic Lagravi\u00e8re<\/title>\n<meta name=\"description\" content=\"Win a magnificent boxed set of our Grands Crus Class\u00e9s red and white wines in a magnum of Grandmill\u00e9sime 2016!\" \/>\n<meta name=\"robots\" content=\"index, follow, max-snippet:-1, max-image-preview:large, max-video-preview:-1\" \/>\n<link rel=\"canonical\" href=\"https:\/\/www.malartic-lagraviere.com\/en\/accueil\/contest-malartic-lagraviere\/\" \/>\n<meta property=\"og:locale\" content=\"en_US\" \/>\n<meta property=\"og:type\" content=\"article\" \/>\n<meta property=\"og:title\" content=\"Contest - Malartic Lagravi\u00e8re\" \/>\n<meta property=\"og:description\" content=\"Win a magnificent boxed set of our Grands Crus Class\u00e9s red and white wines in a magnum of Grandmill\u00e9sime 2016!\" \/>\n<meta property=\"og:url\" content=\"https:\/\/www.malartic-lagraviere.com\/en\/accueil\/contest-malartic-lagraviere\/\" \/>\n<meta property=\"og:site_name\" content=\"Malartic Lagravi\u00e8re\" \/>\n<meta property=\"article:publisher\" content=\"https:\/\/www.facebook.com\/Malartic.Lagraviere\/\" \/>\n<meta property=\"article:modified_time\" content=\"2024-02-13T15:50:04+00:00\" \/>\n<meta property=\"og:image\" content=\"https:\/\/www.malartic-lagraviere.com\/wp-content\/uploads\/2024\/01\/chateau-malartic-lagraviere-scaled.jpg\" \/>\n\t<meta property=\"og:image:width\" content=\"2048\" \/>\n\t<meta property=\"og:image:height\" content=\"1365\" \/>\n\t<meta property=\"og:image:type\" content=\"image\/jpeg\" \/>\n<meta name=\"twitter:card\" content=\"summary_large_image\" \/>\n<script type=\"application\/ld+json\" class=\"yoast-schema-graph\">{\"@context\":\"https:\/\/schema.org\",\"@graph\":[{\"@type\":\"WebPage\",\"@id\":\"https:\/\/www.malartic-lagraviere.com\/en\/accueil\/contest-malartic-lagraviere\/\",\"url\":\"https:\/\/www.malartic-lagraviere.com\/en\/accueil\/contest-malartic-lagraviere\/\",\"name\":\"Contest - Malartic Lagravi\u00e8re\",\"isPartOf\":{\"@id\":\"https:\/\/www.malartic-lagraviere.com\/en\/#website\"},\"primaryImageOfPage\":{\"@id\":\"https:\/\/www.malartic-lagraviere.com\/en\/accueil\/contest-malartic-lagraviere\/#primaryimage\"},\"image\":{\"@id\":\"https:\/\/www.malartic-lagraviere.com\/en\/accueil\/contest-malartic-lagraviere\/#primaryimage\"},\"thumbnailUrl\":\"https:\/\/www.malartic-lagraviere.com\/wp-content\/uploads\/2024\/01\/chateau-malartic-lagraviere-scaled.jpg\",\"datePublished\":\"2024-02-12T08:53:39+00:00\",\"dateModified\":\"2024-02-13T15:50:04+00:00\",\"description\":\"Win a magnificent boxed set of our Grands Crus Class\u00e9s red and white wines in a magnum of Grandmill\u00e9sime 2016!\",\"breadcrumb\":{\"@id\":\"https:\/\/www.malartic-lagraviere.com\/en\/accueil\/contest-malartic-lagraviere\/#breadcrumb\"},\"inLanguage\":\"en-US\",\"potentialAction\":[{\"@type\":\"ReadAction\",\"target\":[\"https:\/\/www.malartic-lagraviere.com\/en\/accueil\/contest-malartic-lagraviere\/\"]}]},{\"@type\":\"ImageObject\",\"inLanguage\":\"en-US\",\"@id\":\"https:\/\/www.malartic-lagraviere.com\/en\/accueil\/contest-malartic-lagraviere\/#primaryimage\",\"url\":\"https:\/\/www.malartic-lagraviere.com\/wp-content\/uploads\/2024\/01\/chateau-malartic-lagraviere-scaled.jpg\",\"contentUrl\":\"https:\/\/www.malartic-lagraviere.com\/wp-content\/uploads\/2024\/01\/chateau-malartic-lagraviere-scaled.jpg\",\"width\":2048,\"height\":1365},{\"@type\":\"BreadcrumbList\",\"@id\":\"https:\/\/www.malartic-lagraviere.com\/en\/accueil\/contest-malartic-lagraviere\/#breadcrumb\",\"itemListElement\":[{\"@type\":\"ListItem\",\"position\":1,\"name\":\"Accueil\",\"item\":\"https:\/\/www.malartic-lagraviere.com\/en\/\"},{\"@type\":\"ListItem\",\"position\":2,\"name\":\"Home page\",\"item\":\"https:\/\/www.malartic-lagraviere.com\/en\/\"},{\"@type\":\"ListItem\",\"position\":3,\"name\":\"Contest Malartic-Lagravi\u00e8re\"}]},{\"@type\":\"WebSite\",\"@id\":\"https:\/\/www.malartic-lagraviere.com\/en\/#website\",\"url\":\"https:\/\/www.malartic-lagraviere.com\/en\/\",\"name\":\"Malartic Lagravi\u00e8re\",\"description\":\"Un site utilisant WordPress\",\"potentialAction\":[{\"@type\":\"SearchAction\",\"target\":{\"@type\":\"EntryPoint\",\"urlTemplate\":\"https:\/\/www.malartic-lagraviere.com\/en\/?s={search_term_string}\"},\"query-input\":{\"@type\":\"PropertyValueSpecification\",\"valueRequired\":true,\"valueName\":\"search_term_string\"}}],\"inLanguage\":\"en-US\"}]}<\/script>\n<!-- \/ Yoast SEO plugin. -->","yoast_head_json":{"title":"Contest - Malartic Lagravi\u00e8re","description":"Win a magnificent boxed set of our Grands Crus Class\u00e9s red and white wines in a magnum of Grandmill\u00e9sime 2016!","robots":{"index":"index","follow":"follow","max-snippet":"max-snippet:-1","max-image-preview":"max-image-preview:large","max-video-preview":"max-video-preview:-1"},"canonical":"https:\/\/www.malartic-lagraviere.com\/en\/accueil\/contest-malartic-lagraviere\/","og_locale":"en_US","og_type":"article","og_title":"Contest - Malartic Lagravi\u00e8re","og_description":"Win a magnificent boxed set of our Grands Crus Class\u00e9s red and white wines in a magnum of Grandmill\u00e9sime 2016!","og_url":"https:\/\/www.malartic-lagraviere.com\/en\/accueil\/contest-malartic-lagraviere\/","og_site_name":"Malartic Lagravi\u00e8re","article_publisher":"https:\/\/www.facebook.com\/Malartic.Lagraviere\/","article_modified_time":"2024-02-13T15:50:04+00:00","og_image":[{"width":2048,"height":1365,"url":"https:\/\/www.malartic-lagraviere.com\/wp-content\/uploads\/2024\/01\/chateau-malartic-lagraviere-scaled.jpg","type":"image\/jpeg"}],"twitter_card":"summary_large_image","schema":{"@context":"https:\/\/schema.org","@graph":[{"@type":"WebPage","@id":"https:\/\/www.malartic-lagraviere.com\/en\/accueil\/contest-malartic-lagraviere\/","url":"https:\/\/www.malartic-lagraviere.com\/en\/accueil\/contest-malartic-lagraviere\/","name":"Contest - Malartic Lagravi\u00e8re","isPartOf":{"@id":"https:\/\/www.malartic-lagraviere.com\/en\/#website"},"primaryImageOfPage":{"@id":"https:\/\/www.malartic-lagraviere.com\/en\/accueil\/contest-malartic-lagraviere\/#primaryimage"},"image":{"@id":"https:\/\/www.malartic-lagraviere.com\/en\/accueil\/contest-malartic-lagraviere\/#primaryimage"},"thumbnailUrl":"https:\/\/www.malartic-lagraviere.com\/wp-content\/uploads\/2024\/01\/chateau-malartic-lagraviere-scaled.jpg","datePublished":"2024-02-12T08:53:39+00:00","dateModified":"2024-02-13T15:50:04+00:00","description":"Win a magnificent boxed set of our Grands Crus Class\u00e9s red and white wines in a magnum of Grandmill\u00e9sime 2016!","breadcrumb":{"@id":"https:\/\/www.malartic-lagraviere.com\/en\/accueil\/contest-malartic-lagraviere\/#breadcrumb"},"inLanguage":"en-US","potentialAction":[{"@type":"ReadAction","target":["https:\/\/www.malartic-lagraviere.com\/en\/accueil\/contest-malartic-lagraviere\/"]}]},{"@type":"ImageObject","inLanguage":"en-US","@id":"https:\/\/www.malartic-lagraviere.com\/en\/accueil\/contest-malartic-lagraviere\/#primaryimage","url":"https:\/\/www.malartic-lagraviere.com\/wp-content\/uploads\/2024\/01\/chateau-malartic-lagraviere-scaled.jpg","contentUrl":"https:\/\/www.malartic-lagraviere.com\/wp-content\/uploads\/2024\/01\/chateau-malartic-lagraviere-scaled.jpg","width":2048,"height":1365},{"@type":"BreadcrumbList","@id":"https:\/\/www.malartic-lagraviere.com\/en\/accueil\/contest-malartic-lagraviere\/#breadcrumb","itemListElement":[{"@type":"ListItem","position":1,"name":"Accueil","item":"https:\/\/www.malartic-lagraviere.com\/en\/"},{"@type":"ListItem","position":2,"name":"Home page","item":"https:\/\/www.malartic-lagraviere.com\/en\/"},{"@type":"ListItem","position":3,"name":"Contest Malartic-Lagravi\u00e8re"}]},{"@type":"WebSite","@id":"https:\/\/www.malartic-lagraviere.com\/en\/#website","url":"https:\/\/www.malartic-lagraviere.com\/en\/","name":"Malartic Lagravi\u00e8re","description":"Un site utilisant WordPress","potentialAction":[{"@type":"SearchAction","target":{"@type":"EntryPoint","urlTemplate":"https:\/\/www.malartic-lagraviere.com\/en\/?s={search_term_string}"},"query-input":{"@type":"PropertyValueSpecification","valueRequired":true,"valueName":"search_term_string"}}],"inLanguage":"en-US"}]}},"_links":{"self":[{"href":"https:\/\/www.malartic-lagraviere.com\/en\/wp-json\/wp\/v2\/pages\/10496"}],"collection":[{"href":"https:\/\/www.malartic-lagraviere.com\/en\/wp-json\/wp\/v2\/pages"}],"about":[{"href":"https:\/\/www.malartic-lagraviere.com\/en\/wp-json\/wp\/v2\/types\/page"}],"author":[{"embeddable":true,"href":"https:\/\/www.malartic-lagraviere.com\/en\/wp-json\/wp\/v2\/users\/1"}],"replies":[{"embeddable":true,"href":"https:\/\/www.malartic-lagraviere.com\/en\/wp-json\/wp\/v2\/comments?post=10496"}],"version-history":[{"count":7,"href":"https:\/\/www.malartic-lagraviere.com\/en\/wp-json\/wp\/v2\/pages\/10496\/revisions"}],"predecessor-version":[{"id":10714,"href":"https:\/\/www.malartic-lagraviere.com\/en\/wp-json\/wp\/v2\/pages\/10496\/revisions\/10714"}],"up":[{"embeddable":true,"href":"https:\/\/www.malartic-lagraviere.com\/en\/wp-json\/wp\/v2\/pages\/2445"}],"wp:featuredmedia":[{"embeddable":true,"href":"https:\/\/www.malartic-lagraviere.com\/en\/wp-json\/wp\/v2\/media\/10514"}],"wp:attachment":[{"href":"https:\/\/www.malartic-lagraviere.com\/en\/wp-json\/wp\/v2\/media?parent=10496"}],"curies":[{"name":"wp","href":"https:\/\/api.w.org\/{rel}","templated":true}]}}