{"id":14593,"date":"2025-03-19T16:57:59","date_gmt":"2025-03-19T15:57:59","guid":{"rendered":"https:\/\/www.malartic-lagraviere.com\/?page_id=14593"},"modified":"2025-11-20T12:17:25","modified_gmt":"2025-11-20T11:17:25","slug":"malartic-lagraviere-2020-red-2","status":"publish","type":"page","link":"https:\/\/www.malartic-lagraviere.com\/en\/our-wines\/chateau-malartic-lagraviere\/red-malartic\/malartic-lagraviere-2020-red-2\/","title":{"rendered":"Malartic Lagravi\u00e8re 2020 red"},"content":{"rendered":"","protected":false},"excerpt":{"rendered":"","protected":false},"author":1,"featured_media":14515,"parent":3208,"menu_order":2022,"comment_status":"closed","ping_status":"closed","template":"templates\/millesime.php","meta":{"_acf_changed":false,"inline_featured_image":false,"footnotes":""},"class_list":["post-14593","page","type-page","status-publish","has-post-thumbnail","hentry"],"acf":[],"yoast_head":"<!-- This site is optimized with the Yoast SEO plugin v25.6 - https:\/\/yoast.com\/wordpress\/plugins\/seo\/ -->\n<title>Malartic Lagravi\u00e8re 2020 red - Ch\u00e2teau Malartic Lagravi\u00e8re<\/title>\n<meta name=\"description\" content=\"Want to know more about the Malartic Lagravi\u00e8re of the year 2020? Discover its composition, its harvest dates and the opinion of the press!\" \/>\n<meta name=\"robots\" content=\"index, follow, max-snippet:-1, max-image-preview:large, max-video-preview:-1\" \/>\n<link rel=\"canonical\" href=\"https:\/\/www.malartic-lagraviere.com\/en\/our-wines\/chateau-malartic-lagraviere\/red-malartic\/malartic-lagraviere-2020-red-2\/\" \/>\n<meta property=\"og:locale\" content=\"en_US\" \/>\n<meta property=\"og:type\" content=\"article\" \/>\n<meta property=\"og:title\" content=\"Malartic Lagravi\u00e8re 2020 red - Ch\u00e2teau Malartic Lagravi\u00e8re\" \/>\n<meta property=\"og:description\" content=\"Want to know more about the Malartic Lagravi\u00e8re of the year 2020? Discover its composition, its harvest dates and the opinion of the press!\" \/>\n<meta property=\"og:url\" content=\"https:\/\/www.malartic-lagraviere.com\/en\/our-wines\/chateau-malartic-lagraviere\/red-malartic\/malartic-lagraviere-2020-red-2\/\" \/>\n<meta property=\"og:site_name\" content=\"Malartic Lagravi\u00e8re\" \/>\n<meta property=\"article:publisher\" content=\"https:\/\/www.facebook.com\/Malartic.Lagraviere\/\" \/>\n<meta property=\"article:modified_time\" content=\"2025-11-20T11:17:25+00:00\" \/>\n<meta property=\"og:image\" content=\"https:\/\/www.malartic-lagraviere.com\/wp-content\/uploads\/2023\/01\/malartic-r-2022-scaled.jpg\" \/>\n\t<meta property=\"og:image:width\" content=\"1218\" \/>\n\t<meta property=\"og:image:height\" content=\"2048\" \/>\n\t<meta property=\"og:image:type\" content=\"image\/jpeg\" \/>\n<meta name=\"twitter:card\" content=\"summary_large_image\" \/>\n<script type=\"application\/ld+json\" class=\"yoast-schema-graph\">{\"@context\":\"https:\/\/schema.org\",\"@graph\":[{\"@type\":\"WebPage\",\"@id\":\"https:\/\/www.malartic-lagraviere.com\/en\/our-wines\/chateau-malartic-lagraviere\/red-malartic\/malartic-lagraviere-2020-red-2\/\",\"url\":\"https:\/\/www.malartic-lagraviere.com\/en\/our-wines\/chateau-malartic-lagraviere\/red-malartic\/malartic-lagraviere-2020-red-2\/\",\"name\":\"Malartic Lagravi\u00e8re 2020 red - Ch\u00e2teau Malartic Lagravi\u00e8re\",\"isPartOf\":{\"@id\":\"https:\/\/www.malartic-lagraviere.com\/en\/#website\"},\"primaryImageOfPage\":{\"@id\":\"https:\/\/www.malartic-lagraviere.com\/en\/our-wines\/chateau-malartic-lagraviere\/red-malartic\/malartic-lagraviere-2020-red-2\/#primaryimage\"},\"image\":{\"@id\":\"https:\/\/www.malartic-lagraviere.com\/en\/our-wines\/chateau-malartic-lagraviere\/red-malartic\/malartic-lagraviere-2020-red-2\/#primaryimage\"},\"thumbnailUrl\":\"https:\/\/www.malartic-lagraviere.com\/wp-content\/uploads\/2023\/01\/malartic-r-2022-scaled.jpg\",\"datePublished\":\"2025-03-19T15:57:59+00:00\",\"dateModified\":\"2025-11-20T11:17:25+00:00\",\"description\":\"Want to know more about the Malartic Lagravi\u00e8re of the year 2020? Discover its composition, its harvest dates and the opinion of the press!\",\"breadcrumb\":{\"@id\":\"https:\/\/www.malartic-lagraviere.com\/en\/our-wines\/chateau-malartic-lagraviere\/red-malartic\/malartic-lagraviere-2020-red-2\/#breadcrumb\"},\"inLanguage\":\"en-US\",\"potentialAction\":[{\"@type\":\"ReadAction\",\"target\":[\"https:\/\/www.malartic-lagraviere.com\/en\/our-wines\/chateau-malartic-lagraviere\/red-malartic\/malartic-lagraviere-2020-red-2\/\"]}]},{\"@type\":\"ImageObject\",\"inLanguage\":\"en-US\",\"@id\":\"https:\/\/www.malartic-lagraviere.com\/en\/our-wines\/chateau-malartic-lagraviere\/red-malartic\/malartic-lagraviere-2020-red-2\/#primaryimage\",\"url\":\"https:\/\/www.malartic-lagraviere.com\/wp-content\/uploads\/2023\/01\/malartic-r-2022-scaled.jpg\",\"contentUrl\":\"https:\/\/www.malartic-lagraviere.com\/wp-content\/uploads\/2023\/01\/malartic-r-2022-scaled.jpg\",\"width\":1218,\"height\":2048},{\"@type\":\"BreadcrumbList\",\"@id\":\"https:\/\/www.malartic-lagraviere.com\/en\/our-wines\/chateau-malartic-lagraviere\/red-malartic\/malartic-lagraviere-2020-red-2\/#breadcrumb\",\"itemListElement\":[{\"@type\":\"ListItem\",\"position\":1,\"name\":\"Accueil\",\"item\":\"https:\/\/www.malartic-lagraviere.com\/en\/\"},{\"@type\":\"ListItem\",\"position\":2,\"name\":\"Our wines\",\"item\":\"https:\/\/www.malartic-lagraviere.com\/en\/our-wines\/\"},{\"@type\":\"ListItem\",\"position\":3,\"name\":\"Ch\u00e2teau Malartic-Lagravi\u00e8re\",\"item\":\"https:\/\/www.malartic-lagraviere.com\/en\/our-wines\/chateau-malartic-lagraviere\/\"},{\"@type\":\"ListItem\",\"position\":4,\"name\":\"Red Malartic\",\"item\":\"https:\/\/www.malartic-lagraviere.com\/en\/our-wines\/chateau-malartic-lagraviere\/red-malartic\/\"},{\"@type\":\"ListItem\",\"position\":5,\"name\":\"Malartic Lagravi\u00e8re 2020 red\"}]},{\"@type\":\"WebSite\",\"@id\":\"https:\/\/www.malartic-lagraviere.com\/en\/#website\",\"url\":\"https:\/\/www.malartic-lagraviere.com\/en\/\",\"name\":\"Malartic Lagravi\u00e8re\",\"description\":\"Un site utilisant WordPress\",\"potentialAction\":[{\"@type\":\"SearchAction\",\"target\":{\"@type\":\"EntryPoint\",\"urlTemplate\":\"https:\/\/www.malartic-lagraviere.com\/en\/?s={search_term_string}\"},\"query-input\":{\"@type\":\"PropertyValueSpecification\",\"valueRequired\":true,\"valueName\":\"search_term_string\"}}],\"inLanguage\":\"en-US\"}]}<\/script>\n<!-- \/ Yoast SEO plugin. -->","yoast_head_json":{"title":"Malartic Lagravi\u00e8re 2020 red - Ch\u00e2teau Malartic Lagravi\u00e8re","description":"Want to know more about the Malartic Lagravi\u00e8re of the year 2020? Discover its composition, its harvest dates and the opinion of the press!","robots":{"index":"index","follow":"follow","max-snippet":"max-snippet:-1","max-image-preview":"max-image-preview:large","max-video-preview":"max-video-preview:-1"},"canonical":"https:\/\/www.malartic-lagraviere.com\/en\/our-wines\/chateau-malartic-lagraviere\/red-malartic\/malartic-lagraviere-2020-red-2\/","og_locale":"en_US","og_type":"article","og_title":"Malartic Lagravi\u00e8re 2020 red - Ch\u00e2teau Malartic Lagravi\u00e8re","og_description":"Want to know more about the Malartic Lagravi\u00e8re of the year 2020? Discover its composition, its harvest dates and the opinion of the press!","og_url":"https:\/\/www.malartic-lagraviere.com\/en\/our-wines\/chateau-malartic-lagraviere\/red-malartic\/malartic-lagraviere-2020-red-2\/","og_site_name":"Malartic Lagravi\u00e8re","article_publisher":"https:\/\/www.facebook.com\/Malartic.Lagraviere\/","article_modified_time":"2025-11-20T11:17:25+00:00","og_image":[{"width":1218,"height":2048,"url":"https:\/\/www.malartic-lagraviere.com\/wp-content\/uploads\/2023\/01\/malartic-r-2022-scaled.jpg","type":"image\/jpeg"}],"twitter_card":"summary_large_image","schema":{"@context":"https:\/\/schema.org","@graph":[{"@type":"WebPage","@id":"https:\/\/www.malartic-lagraviere.com\/en\/our-wines\/chateau-malartic-lagraviere\/red-malartic\/malartic-lagraviere-2020-red-2\/","url":"https:\/\/www.malartic-lagraviere.com\/en\/our-wines\/chateau-malartic-lagraviere\/red-malartic\/malartic-lagraviere-2020-red-2\/","name":"Malartic Lagravi\u00e8re 2020 red - Ch\u00e2teau Malartic Lagravi\u00e8re","isPartOf":{"@id":"https:\/\/www.malartic-lagraviere.com\/en\/#website"},"primaryImageOfPage":{"@id":"https:\/\/www.malartic-lagraviere.com\/en\/our-wines\/chateau-malartic-lagraviere\/red-malartic\/malartic-lagraviere-2020-red-2\/#primaryimage"},"image":{"@id":"https:\/\/www.malartic-lagraviere.com\/en\/our-wines\/chateau-malartic-lagraviere\/red-malartic\/malartic-lagraviere-2020-red-2\/#primaryimage"},"thumbnailUrl":"https:\/\/www.malartic-lagraviere.com\/wp-content\/uploads\/2023\/01\/malartic-r-2022-scaled.jpg","datePublished":"2025-03-19T15:57:59+00:00","dateModified":"2025-11-20T11:17:25+00:00","description":"Want to know more about the Malartic Lagravi\u00e8re of the year 2020? Discover its composition, its harvest dates and the opinion of the press!","breadcrumb":{"@id":"https:\/\/www.malartic-lagraviere.com\/en\/our-wines\/chateau-malartic-lagraviere\/red-malartic\/malartic-lagraviere-2020-red-2\/#breadcrumb"},"inLanguage":"en-US","potentialAction":[{"@type":"ReadAction","target":["https:\/\/www.malartic-lagraviere.com\/en\/our-wines\/chateau-malartic-lagraviere\/red-malartic\/malartic-lagraviere-2020-red-2\/"]}]},{"@type":"ImageObject","inLanguage":"en-US","@id":"https:\/\/www.malartic-lagraviere.com\/en\/our-wines\/chateau-malartic-lagraviere\/red-malartic\/malartic-lagraviere-2020-red-2\/#primaryimage","url":"https:\/\/www.malartic-lagraviere.com\/wp-content\/uploads\/2023\/01\/malartic-r-2022-scaled.jpg","contentUrl":"https:\/\/www.malartic-lagraviere.com\/wp-content\/uploads\/2023\/01\/malartic-r-2022-scaled.jpg","width":1218,"height":2048},{"@type":"BreadcrumbList","@id":"https:\/\/www.malartic-lagraviere.com\/en\/our-wines\/chateau-malartic-lagraviere\/red-malartic\/malartic-lagraviere-2020-red-2\/#breadcrumb","itemListElement":[{"@type":"ListItem","position":1,"name":"Accueil","item":"https:\/\/www.malartic-lagraviere.com\/en\/"},{"@type":"ListItem","position":2,"name":"Our wines","item":"https:\/\/www.malartic-lagraviere.com\/en\/our-wines\/"},{"@type":"ListItem","position":3,"name":"Ch\u00e2teau Malartic-Lagravi\u00e8re","item":"https:\/\/www.malartic-lagraviere.com\/en\/our-wines\/chateau-malartic-lagraviere\/"},{"@type":"ListItem","position":4,"name":"Red Malartic","item":"https:\/\/www.malartic-lagraviere.com\/en\/our-wines\/chateau-malartic-lagraviere\/red-malartic\/"},{"@type":"ListItem","position":5,"name":"Malartic Lagravi\u00e8re 2020 red"}]},{"@type":"WebSite","@id":"https:\/\/www.malartic-lagraviere.com\/en\/#website","url":"https:\/\/www.malartic-lagraviere.com\/en\/","name":"Malartic Lagravi\u00e8re","description":"Un site utilisant WordPress","potentialAction":[{"@type":"SearchAction","target":{"@type":"EntryPoint","urlTemplate":"https:\/\/www.malartic-lagraviere.com\/en\/?s={search_term_string}"},"query-input":{"@type":"PropertyValueSpecification","valueRequired":true,"valueName":"search_term_string"}}],"inLanguage":"en-US"}]}},"_links":{"self":[{"href":"https:\/\/www.malartic-lagraviere.com\/en\/wp-json\/wp\/v2\/pages\/14593"}],"collection":[{"href":"https:\/\/www.malartic-lagraviere.com\/en\/wp-json\/wp\/v2\/pages"}],"about":[{"href":"https:\/\/www.malartic-lagraviere.com\/en\/wp-json\/wp\/v2\/types\/page"}],"author":[{"embeddable":true,"href":"https:\/\/www.malartic-lagraviere.com\/en\/wp-json\/wp\/v2\/users\/1"}],"replies":[{"embeddable":true,"href":"https:\/\/www.malartic-lagraviere.com\/en\/wp-json\/wp\/v2\/comments?post=14593"}],"version-history":[{"count":3,"href":"https:\/\/www.malartic-lagraviere.com\/en\/wp-json\/wp\/v2\/pages\/14593\/revisions"}],"predecessor-version":[{"id":17333,"href":"https:\/\/www.malartic-lagraviere.com\/en\/wp-json\/wp\/v2\/pages\/14593\/revisions\/17333"}],"up":[{"embeddable":true,"href":"https:\/\/www.malartic-lagraviere.com\/en\/wp-json\/wp\/v2\/pages\/3208"}],"wp:featuredmedia":[{"embeddable":true,"href":"https:\/\/www.malartic-lagraviere.com\/en\/wp-json\/wp\/v2\/media\/14515"}],"wp:attachment":[{"href":"https:\/\/www.malartic-lagraviere.com\/en\/wp-json\/wp\/v2\/media?parent=14593"}],"curies":[{"name":"wp","href":"https:\/\/api.w.org\/{rel}","templated":true}]}}