{"id":17668,"date":"2026-01-28T11:33:59","date_gmt":"2026-01-28T10:33:59","guid":{"rendered":"https:\/\/www.malartic-lagraviere.com\/?page_id=17668"},"modified":"2026-02-18T16:33:26","modified_gmt":"2026-02-18T15:33:26","slug":"prestige-tasting-grand-cru-vertical-experience","status":"publish","type":"page","link":"https:\/\/www.malartic-lagraviere.com\/en\/tours-tasting\/prestige-tasting-grand-cru-vertical-experience\/","title":{"rendered":"Prestige Tasting \u2013 Grand Cru Vertical Experience"},"content":{"rendered":"<p class=\"m_-4779071575455872375MsoPlainText\"><span lang=\"EN-US\">Enjoy a privileged moment at Ch\u00e2teau Malartic-Lagravi\u00e8re through a vertical tasting of several vintages of our <strong>Grand Cru<\/strong> <strong>Class\u00e9 red<\/strong>, complemented by the discovery of our <strong>Second Wine<\/strong> and our <strong>Grand Cru Class\u00e9 white<\/strong>.<u><\/u><u><\/u><\/span><\/p>\n<p class=\"m_-4779071575455872375MsoPlainText\"><span lang=\"EN-US\">This exclusive experience begins with a private tour of the estate: the history of the property, an immersion in our cellar, a walk through the vineyards, and an introduction to our committed environmental approach. It continues with a guided tasting, a true oenological journey, revealing the expression of our terroir and the evolution of our wines across vintages.<u><\/u><u><\/u><\/span><\/p>\n<p class=\"m_-4779071575455872375MsoPlainText\"><span lang=\"EN-US\"><u><\/u>\u00a0<u><\/u><\/span><span lang=\"EN-US\">A confidential interlude, designed for discerning wine lovers and passionate enthusiasts in search of authentic sensory emotion.<u><\/u><u><\/u><\/span><\/p>\n<p class=\"m_-4779071575455872375MsoPlainText\"><span lang=\"EN-US\"><u><\/u>\u00a0<u><\/u><\/span><\/p>\n<h2 class=\"m_-4779071575455872375MsoPlainText\"><span lang=\"EN-US\">Practical Information<u><\/u><u><\/u><\/span><\/h2>\n<p class=\"m_-4779071575455872375MsoPlainText\"><span lang=\"EN-US\"><u><\/u>\u00a0<u><\/u><\/span><span lang=\"EN-US\"><strong>Duration<\/strong>: 1h30<u><\/u><u><\/u><\/span><\/p>\n<p class=\"m_-4779071575455872375MsoPlainText\"><span lang=\"EN-US\"><strong>Price<\/strong>: \u20ac115 per person (individual guests)\u00a0<\/span><\/p>\n<p class=\"m_-4779071575455872375MsoPlainText\"><span lang=\"EN-US\"><strong>Maximum capacity<\/strong>: 15 guests <\/span><\/p>\n<p class=\"m_-4779071575455872375MsoPlainText\"><span lang=\"EN-US\"><u><\/u>\u00a0<\/span><\/p>\n<p><img loading=\"lazy\" decoding=\"async\" class=\"alignnone size-medium wp-image-17607\" src=\"https:\/\/www.malartic-lagraviere.com\/wp-content\/uploads\/2026\/01\/degustation-prestige-malartic-217x300.jpg\" alt=\"\" width=\"217\" height=\"300\" srcset=\"https:\/\/www.malartic-lagraviere.com\/wp-content\/uploads\/2026\/01\/degustation-prestige-malartic-217x300.jpg 217w, https:\/\/www.malartic-lagraviere.com\/wp-content\/uploads\/2026\/01\/degustation-prestige-malartic-739x1024.jpg 739w, https:\/\/www.malartic-lagraviere.com\/wp-content\/uploads\/2026\/01\/degustation-prestige-malartic-768x1064.jpg 768w, https:\/\/www.malartic-lagraviere.com\/wp-content\/uploads\/2026\/01\/degustation-prestige-malartic-1109x1536.jpg 1109w, https:\/\/www.malartic-lagraviere.com\/wp-content\/uploads\/2026\/01\/degustation-prestige-malartic-scaled.jpg 1478w, https:\/\/www.malartic-lagraviere.com\/wp-content\/uploads\/2026\/01\/degustation-prestige-malartic-150x208.jpg 150w, https:\/\/www.malartic-lagraviere.com\/wp-content\/uploads\/2026\/01\/degustation-prestige-malartic-397x550.jpg 397w, https:\/\/www.malartic-lagraviere.com\/wp-content\/uploads\/2026\/01\/degustation-prestige-malartic-400x554.jpg 400w, https:\/\/www.malartic-lagraviere.com\/wp-content\/uploads\/2026\/01\/degustation-prestige-malartic-361x500.jpg 361w, https:\/\/www.malartic-lagraviere.com\/wp-content\/uploads\/2026\/01\/degustation-prestige-malartic-1160x1607.jpg 1160w\" sizes=\"(max-width: 217px) 100vw, 217px\" \/> <img loading=\"lazy\" decoding=\"async\" class=\"alignnone size-medium wp-image-17605\" src=\"https:\/\/www.malartic-lagraviere.com\/wp-content\/uploads\/2026\/01\/degustation-prestige-malartic-2-275x300.jpg\" alt=\"\" width=\"275\" height=\"300\" srcset=\"https:\/\/www.malartic-lagraviere.com\/wp-content\/uploads\/2026\/01\/degustation-prestige-malartic-2-275x300.jpg 275w, https:\/\/www.malartic-lagraviere.com\/wp-content\/uploads\/2026\/01\/degustation-prestige-malartic-2-939x1024.jpg 939w, https:\/\/www.malartic-lagraviere.com\/wp-content\/uploads\/2026\/01\/degustation-prestige-malartic-2-768x837.jpg 768w, https:\/\/www.malartic-lagraviere.com\/wp-content\/uploads\/2026\/01\/degustation-prestige-malartic-2-1409x1536.jpg 1409w, https:\/\/www.malartic-lagraviere.com\/wp-content\/uploads\/2026\/01\/degustation-prestige-malartic-2-scaled.jpg 1878w, https:\/\/www.malartic-lagraviere.com\/wp-content\/uploads\/2026\/01\/degustation-prestige-malartic-2-150x164.jpg 150w, https:\/\/www.malartic-lagraviere.com\/wp-content\/uploads\/2026\/01\/degustation-prestige-malartic-2-504x550.jpg 504w, https:\/\/www.malartic-lagraviere.com\/wp-content\/uploads\/2026\/01\/degustation-prestige-malartic-2-400x436.jpg 400w, https:\/\/www.malartic-lagraviere.com\/wp-content\/uploads\/2026\/01\/degustation-prestige-malartic-2-459x500.jpg 459w, https:\/\/www.malartic-lagraviere.com\/wp-content\/uploads\/2026\/01\/degustation-prestige-malartic-2-1160x1265.jpg 1160w\" sizes=\"(max-width: 275px) 100vw, 275px\" \/><\/p>\n<p>&nbsp;<\/p>\n","protected":false},"excerpt":{"rendered":"<p>Enjoy a privileged moment at Ch\u00e2teau Malartic-Lagravi\u00e8re through a vertical tasting of several vintages of our Grand Cru Class\u00e9 red, complemented by the discovery of our Second Wine and our Grand Cru Class\u00e9 white. This exclusive experience begins with a private tour of the estate: the history of the property, an immersion in our cellar, [&hellip;]<\/p>\n","protected":false},"author":1,"featured_media":17607,"parent":2426,"menu_order":6,"comment_status":"closed","ping_status":"closed","template":"","meta":{"_acf_changed":false,"inline_featured_image":false,"footnotes":""},"class_list":["post-17668","page","type-page","status-publish","has-post-thumbnail","hentry"],"acf":[],"yoast_head":"<!-- This site is optimized with the Yoast SEO plugin v25.6 - https:\/\/yoast.com\/wordpress\/plugins\/seo\/ -->\n<title>Prestige Tasting \u2013 Grand Cru Vertical Experience - Malartic Lagravi\u00e8re<\/title>\n<meta name=\"description\" content=\"Prestige Tasting \u2013 Grand Cru Vertical Experience\" \/>\n<meta name=\"robots\" content=\"index, follow, max-snippet:-1, max-image-preview:large, max-video-preview:-1\" \/>\n<link rel=\"canonical\" href=\"https:\/\/www.malartic-lagraviere.com\/en\/tours-tasting\/prestige-tasting-grand-cru-vertical-experience\/\" \/>\n<meta property=\"og:locale\" content=\"en_US\" \/>\n<meta property=\"og:type\" content=\"article\" \/>\n<meta property=\"og:title\" content=\"Prestige Tasting \u2013 Grand Cru Vertical Experience - Malartic Lagravi\u00e8re\" \/>\n<meta property=\"og:description\" content=\"Prestige Tasting \u2013 Grand Cru Vertical Experience\" \/>\n<meta property=\"og:url\" content=\"https:\/\/www.malartic-lagraviere.com\/en\/tours-tasting\/prestige-tasting-grand-cru-vertical-experience\/\" \/>\n<meta property=\"og:site_name\" content=\"Malartic Lagravi\u00e8re\" \/>\n<meta property=\"article:publisher\" content=\"https:\/\/www.facebook.com\/Malartic.Lagraviere\/\" \/>\n<meta property=\"article:modified_time\" content=\"2026-02-18T15:33:26+00:00\" \/>\n<meta property=\"og:image\" content=\"https:\/\/www.malartic-lagraviere.com\/wp-content\/uploads\/2026\/01\/degustation-prestige-malartic-scaled.jpg\" \/>\n\t<meta property=\"og:image:width\" content=\"1478\" \/>\n\t<meta property=\"og:image:height\" content=\"2048\" \/>\n\t<meta property=\"og:image:type\" content=\"image\/jpeg\" \/>\n<meta name=\"twitter:card\" content=\"summary_large_image\" \/>\n<meta name=\"twitter:label1\" content=\"Est. reading time\" \/>\n\t<meta name=\"twitter:data1\" content=\"1 minute\" \/>\n<script type=\"application\/ld+json\" class=\"yoast-schema-graph\">{\"@context\":\"https:\/\/schema.org\",\"@graph\":[{\"@type\":\"WebPage\",\"@id\":\"https:\/\/www.malartic-lagraviere.com\/en\/tours-tasting\/prestige-tasting-grand-cru-vertical-experience\/\",\"url\":\"https:\/\/www.malartic-lagraviere.com\/en\/tours-tasting\/prestige-tasting-grand-cru-vertical-experience\/\",\"name\":\"Prestige Tasting \u2013 Grand Cru Vertical Experience - Malartic Lagravi\u00e8re\",\"isPartOf\":{\"@id\":\"https:\/\/www.malartic-lagraviere.com\/en\/#website\"},\"primaryImageOfPage\":{\"@id\":\"https:\/\/www.malartic-lagraviere.com\/en\/tours-tasting\/prestige-tasting-grand-cru-vertical-experience\/#primaryimage\"},\"image\":{\"@id\":\"https:\/\/www.malartic-lagraviere.com\/en\/tours-tasting\/prestige-tasting-grand-cru-vertical-experience\/#primaryimage\"},\"thumbnailUrl\":\"https:\/\/www.malartic-lagraviere.com\/wp-content\/uploads\/2026\/01\/degustation-prestige-malartic-scaled.jpg\",\"datePublished\":\"2026-01-28T10:33:59+00:00\",\"dateModified\":\"2026-02-18T15:33:26+00:00\",\"description\":\"Prestige Tasting \u2013 Grand Cru Vertical Experience\",\"breadcrumb\":{\"@id\":\"https:\/\/www.malartic-lagraviere.com\/en\/tours-tasting\/prestige-tasting-grand-cru-vertical-experience\/#breadcrumb\"},\"inLanguage\":\"en-US\",\"potentialAction\":[{\"@type\":\"ReadAction\",\"target\":[\"https:\/\/www.malartic-lagraviere.com\/en\/tours-tasting\/prestige-tasting-grand-cru-vertical-experience\/\"]}]},{\"@type\":\"ImageObject\",\"inLanguage\":\"en-US\",\"@id\":\"https:\/\/www.malartic-lagraviere.com\/en\/tours-tasting\/prestige-tasting-grand-cru-vertical-experience\/#primaryimage\",\"url\":\"https:\/\/www.malartic-lagraviere.com\/wp-content\/uploads\/2026\/01\/degustation-prestige-malartic-scaled.jpg\",\"contentUrl\":\"https:\/\/www.malartic-lagraviere.com\/wp-content\/uploads\/2026\/01\/degustation-prestige-malartic-scaled.jpg\",\"width\":1478,\"height\":2048},{\"@type\":\"BreadcrumbList\",\"@id\":\"https:\/\/www.malartic-lagraviere.com\/en\/tours-tasting\/prestige-tasting-grand-cru-vertical-experience\/#breadcrumb\",\"itemListElement\":[{\"@type\":\"ListItem\",\"position\":1,\"name\":\"Accueil\",\"item\":\"https:\/\/www.malartic-lagraviere.com\/en\/\"},{\"@type\":\"ListItem\",\"position\":2,\"name\":\"Tours &#038; tasting\",\"item\":\"https:\/\/www.malartic-lagraviere.com\/en\/tours-tasting\/\"},{\"@type\":\"ListItem\",\"position\":3,\"name\":\"Prestige Tasting \u2013 Grand Cru Vertical Experience\"}]},{\"@type\":\"WebSite\",\"@id\":\"https:\/\/www.malartic-lagraviere.com\/en\/#website\",\"url\":\"https:\/\/www.malartic-lagraviere.com\/en\/\",\"name\":\"Malartic Lagravi\u00e8re\",\"description\":\"Un site utilisant WordPress\",\"potentialAction\":[{\"@type\":\"SearchAction\",\"target\":{\"@type\":\"EntryPoint\",\"urlTemplate\":\"https:\/\/www.malartic-lagraviere.com\/en\/?s={search_term_string}\"},\"query-input\":{\"@type\":\"PropertyValueSpecification\",\"valueRequired\":true,\"valueName\":\"search_term_string\"}}],\"inLanguage\":\"en-US\"}]}<\/script>\n<!-- \/ Yoast SEO plugin. -->","yoast_head_json":{"title":"Prestige Tasting \u2013 Grand Cru Vertical Experience - Malartic Lagravi\u00e8re","description":"Prestige Tasting \u2013 Grand Cru Vertical Experience","robots":{"index":"index","follow":"follow","max-snippet":"max-snippet:-1","max-image-preview":"max-image-preview:large","max-video-preview":"max-video-preview:-1"},"canonical":"https:\/\/www.malartic-lagraviere.com\/en\/tours-tasting\/prestige-tasting-grand-cru-vertical-experience\/","og_locale":"en_US","og_type":"article","og_title":"Prestige Tasting \u2013 Grand Cru Vertical Experience - Malartic Lagravi\u00e8re","og_description":"Prestige Tasting \u2013 Grand Cru Vertical Experience","og_url":"https:\/\/www.malartic-lagraviere.com\/en\/tours-tasting\/prestige-tasting-grand-cru-vertical-experience\/","og_site_name":"Malartic Lagravi\u00e8re","article_publisher":"https:\/\/www.facebook.com\/Malartic.Lagraviere\/","article_modified_time":"2026-02-18T15:33:26+00:00","og_image":[{"width":1478,"height":2048,"url":"https:\/\/www.malartic-lagraviere.com\/wp-content\/uploads\/2026\/01\/degustation-prestige-malartic-scaled.jpg","type":"image\/jpeg"}],"twitter_card":"summary_large_image","twitter_misc":{"Est. reading time":"1 minute"},"schema":{"@context":"https:\/\/schema.org","@graph":[{"@type":"WebPage","@id":"https:\/\/www.malartic-lagraviere.com\/en\/tours-tasting\/prestige-tasting-grand-cru-vertical-experience\/","url":"https:\/\/www.malartic-lagraviere.com\/en\/tours-tasting\/prestige-tasting-grand-cru-vertical-experience\/","name":"Prestige Tasting \u2013 Grand Cru Vertical Experience - Malartic Lagravi\u00e8re","isPartOf":{"@id":"https:\/\/www.malartic-lagraviere.com\/en\/#website"},"primaryImageOfPage":{"@id":"https:\/\/www.malartic-lagraviere.com\/en\/tours-tasting\/prestige-tasting-grand-cru-vertical-experience\/#primaryimage"},"image":{"@id":"https:\/\/www.malartic-lagraviere.com\/en\/tours-tasting\/prestige-tasting-grand-cru-vertical-experience\/#primaryimage"},"thumbnailUrl":"https:\/\/www.malartic-lagraviere.com\/wp-content\/uploads\/2026\/01\/degustation-prestige-malartic-scaled.jpg","datePublished":"2026-01-28T10:33:59+00:00","dateModified":"2026-02-18T15:33:26+00:00","description":"Prestige Tasting \u2013 Grand Cru Vertical Experience","breadcrumb":{"@id":"https:\/\/www.malartic-lagraviere.com\/en\/tours-tasting\/prestige-tasting-grand-cru-vertical-experience\/#breadcrumb"},"inLanguage":"en-US","potentialAction":[{"@type":"ReadAction","target":["https:\/\/www.malartic-lagraviere.com\/en\/tours-tasting\/prestige-tasting-grand-cru-vertical-experience\/"]}]},{"@type":"ImageObject","inLanguage":"en-US","@id":"https:\/\/www.malartic-lagraviere.com\/en\/tours-tasting\/prestige-tasting-grand-cru-vertical-experience\/#primaryimage","url":"https:\/\/www.malartic-lagraviere.com\/wp-content\/uploads\/2026\/01\/degustation-prestige-malartic-scaled.jpg","contentUrl":"https:\/\/www.malartic-lagraviere.com\/wp-content\/uploads\/2026\/01\/degustation-prestige-malartic-scaled.jpg","width":1478,"height":2048},{"@type":"BreadcrumbList","@id":"https:\/\/www.malartic-lagraviere.com\/en\/tours-tasting\/prestige-tasting-grand-cru-vertical-experience\/#breadcrumb","itemListElement":[{"@type":"ListItem","position":1,"name":"Accueil","item":"https:\/\/www.malartic-lagraviere.com\/en\/"},{"@type":"ListItem","position":2,"name":"Tours &#038; tasting","item":"https:\/\/www.malartic-lagraviere.com\/en\/tours-tasting\/"},{"@type":"ListItem","position":3,"name":"Prestige Tasting \u2013 Grand Cru Vertical Experience"}]},{"@type":"WebSite","@id":"https:\/\/www.malartic-lagraviere.com\/en\/#website","url":"https:\/\/www.malartic-lagraviere.com\/en\/","name":"Malartic Lagravi\u00e8re","description":"Un site utilisant WordPress","potentialAction":[{"@type":"SearchAction","target":{"@type":"EntryPoint","urlTemplate":"https:\/\/www.malartic-lagraviere.com\/en\/?s={search_term_string}"},"query-input":{"@type":"PropertyValueSpecification","valueRequired":true,"valueName":"search_term_string"}}],"inLanguage":"en-US"}]}},"_links":{"self":[{"href":"https:\/\/www.malartic-lagraviere.com\/en\/wp-json\/wp\/v2\/pages\/17668"}],"collection":[{"href":"https:\/\/www.malartic-lagraviere.com\/en\/wp-json\/wp\/v2\/pages"}],"about":[{"href":"https:\/\/www.malartic-lagraviere.com\/en\/wp-json\/wp\/v2\/types\/page"}],"author":[{"embeddable":true,"href":"https:\/\/www.malartic-lagraviere.com\/en\/wp-json\/wp\/v2\/users\/1"}],"replies":[{"embeddable":true,"href":"https:\/\/www.malartic-lagraviere.com\/en\/wp-json\/wp\/v2\/comments?post=17668"}],"version-history":[{"count":3,"href":"https:\/\/www.malartic-lagraviere.com\/en\/wp-json\/wp\/v2\/pages\/17668\/revisions"}],"predecessor-version":[{"id":17796,"href":"https:\/\/www.malartic-lagraviere.com\/en\/wp-json\/wp\/v2\/pages\/17668\/revisions\/17796"}],"up":[{"embeddable":true,"href":"https:\/\/www.malartic-lagraviere.com\/en\/wp-json\/wp\/v2\/pages\/2426"}],"wp:featuredmedia":[{"embeddable":true,"href":"https:\/\/www.malartic-lagraviere.com\/en\/wp-json\/wp\/v2\/media\/17607"}],"wp:attachment":[{"href":"https:\/\/www.malartic-lagraviere.com\/en\/wp-json\/wp\/v2\/media?parent=17668"}],"curies":[{"name":"wp","href":"https:\/\/api.w.org\/{rel}","templated":true}]}}