{"id":18019,"date":"2026-03-12T16:00:21","date_gmt":"2026-03-12T15:00:21","guid":{"rendered":"https:\/\/www.malartic-lagraviere.com\/?page_id=18019"},"modified":"2026-04-16T15:33:43","modified_gmt":"2026-04-16T13:33:43","slug":"gift-voucher","status":"publish","type":"page","link":"https:\/\/www.malartic-lagraviere.com\/en\/tours-tasting\/gift-voucher\/","title":{"rendered":"Gift voucher"},"content":{"rendered":"<h2>Offer Malartic-Lagravi\u00e8re<\/h2>\n<p>The <strong>Malartic-Lagravi\u00e8re gift voucher<\/strong> allows you to offer an experience centred around a grand cru class\u00e9 from Graves, in the heart of the Pessac-L\u00e9ognan appellation. It is an invitation to discover the world of the ch\u00e2teau, its vineyard and its wines.<\/p>\n<p>You are free to choose the amount of the gift voucher, so you can easily tailor the gift to the occasion or your desired budget.<\/p>\n<h3>Complete freedom of use<\/h3>\n<p>The recipient of this gift voucher can use it to enjoy a tour of the ch\u00e2teau accompanied by a tasting, discovering the vineyard, the cellars and the expertise that characterises Malartic-Lagravi\u00e8re wines.<\/p>\n<p>The gift voucher can also be used to purchase wines from the ch\u00e2teau, either directly at the estate or from the online shop, from among the estate&#8217;s available vintages.<\/p>\n<h3>Ordering a gift voucher<\/h3>\n<p>Gift vouchers can only be purchased via the contact form on the website. Simply indicate the desired amount and provide the information required to issue the voucher.<\/p>\n<p>Once the request has been received, the ch\u00e2teau team will confirm the payment terms and dispatch the gift voucher.<\/p>\n<p style=\"text-align: center;\"><a href=\"https:\/\/www.malartic-lagraviere.com\/en\/contact\/\">Online booking<\/a><\/p>\n<p>\u00a0 \u00a0 \u00a0 \u00a0 \u00a0 \u00a0 \u00a0 \u00a0 \u00a0 \u00a0 \u00a0<img loading=\"lazy\" decoding=\"async\" class=\"alignnone size-medium wp-image-17804\" src=\"https:\/\/www.malartic-lagraviere.com\/wp-content\/uploads\/2024\/10\/atelier-fromage-9-225x300.jpg\" alt=\"\" width=\"225\" height=\"300\" srcset=\"https:\/\/www.malartic-lagraviere.com\/wp-content\/uploads\/2024\/10\/atelier-fromage-9-225x300.jpg 225w, https:\/\/www.malartic-lagraviere.com\/wp-content\/uploads\/2024\/10\/atelier-fromage-9-150x200.jpg 150w, https:\/\/www.malartic-lagraviere.com\/wp-content\/uploads\/2024\/10\/atelier-fromage-9-413x550.jpg 413w, https:\/\/www.malartic-lagraviere.com\/wp-content\/uploads\/2024\/10\/atelier-fromage-9-400x533.jpg 400w, https:\/\/www.malartic-lagraviere.com\/wp-content\/uploads\/2024\/10\/atelier-fromage-9-375x500.jpg 375w, https:\/\/www.malartic-lagraviere.com\/wp-content\/uploads\/2024\/10\/atelier-fromage-9.jpg 480w\" sizes=\"(max-width: 225px) 100vw, 225px\" \/> <img loading=\"lazy\" decoding=\"async\" class=\"alignnone size-medium wp-image-17972\" src=\"https:\/\/www.malartic-lagraviere.com\/wp-content\/uploads\/2026\/03\/bon-cadeau-site-internet-us-1-1-300x300.png\" alt=\"\" width=\"300\" height=\"300\" srcset=\"https:\/\/www.malartic-lagraviere.com\/wp-content\/uploads\/2026\/03\/bon-cadeau-site-internet-us-1-1-300x300.png 300w, https:\/\/www.malartic-lagraviere.com\/wp-content\/uploads\/2026\/03\/bon-cadeau-site-internet-us-1-1-1024x1024.png 1024w, https:\/\/www.malartic-lagraviere.com\/wp-content\/uploads\/2026\/03\/bon-cadeau-site-internet-us-1-1-150x150.png 150w, https:\/\/www.malartic-lagraviere.com\/wp-content\/uploads\/2026\/03\/bon-cadeau-site-internet-us-1-1-768x768.png 768w, https:\/\/www.malartic-lagraviere.com\/wp-content\/uploads\/2026\/03\/bon-cadeau-site-internet-us-1-1-550x550.png 550w, https:\/\/www.malartic-lagraviere.com\/wp-content\/uploads\/2026\/03\/bon-cadeau-site-internet-us-1-1-400x400.png 400w, https:\/\/www.malartic-lagraviere.com\/wp-content\/uploads\/2026\/03\/bon-cadeau-site-internet-us-1-1-500x500.png 500w, https:\/\/www.malartic-lagraviere.com\/wp-content\/uploads\/2026\/03\/bon-cadeau-site-internet-us-1-1.png 1080w\" sizes=\"(max-width: 300px) 100vw, 300px\" \/> <img loading=\"lazy\" decoding=\"async\" class=\"alignnone size-medium wp-image-17802\" src=\"https:\/\/www.malartic-lagraviere.com\/wp-content\/uploads\/2024\/10\/break-gourmand-200x300.jpeg\" alt=\"\" width=\"200\" height=\"300\" srcset=\"https:\/\/www.malartic-lagraviere.com\/wp-content\/uploads\/2024\/10\/break-gourmand-200x300.jpeg 200w, https:\/\/www.malartic-lagraviere.com\/wp-content\/uploads\/2024\/10\/break-gourmand-683x1024.jpeg 683w, https:\/\/www.malartic-lagraviere.com\/wp-content\/uploads\/2024\/10\/break-gourmand-768x1152.jpeg 768w, https:\/\/www.malartic-lagraviere.com\/wp-content\/uploads\/2024\/10\/break-gourmand-1024x1536.jpeg 1024w, https:\/\/www.malartic-lagraviere.com\/wp-content\/uploads\/2024\/10\/break-gourmand-scaled.jpeg 1365w, https:\/\/www.malartic-lagraviere.com\/wp-content\/uploads\/2024\/10\/break-gourmand-150x225.jpeg 150w, https:\/\/www.malartic-lagraviere.com\/wp-content\/uploads\/2024\/10\/break-gourmand-367x550.jpeg 367w, https:\/\/www.malartic-lagraviere.com\/wp-content\/uploads\/2024\/10\/break-gourmand-400x600.jpeg 400w, https:\/\/www.malartic-lagraviere.com\/wp-content\/uploads\/2024\/10\/break-gourmand-333x500.jpeg 333w, https:\/\/www.malartic-lagraviere.com\/wp-content\/uploads\/2024\/10\/break-gourmand-1160x1740.jpeg 1160w\" sizes=\"(max-width: 200px) 100vw, 200px\" \/><\/p>\n","protected":false},"excerpt":{"rendered":"<p>Offer Malartic-Lagravi\u00e8re The Malartic-Lagravi\u00e8re gift voucher allows you to offer an experience centred around a grand cru class\u00e9 from Graves, in the heart of the Pessac-L\u00e9ognan appellation. It is an invitation to discover the world of the ch\u00e2teau, its vineyard and its wines. You are free to choose the amount of the gift voucher, so [&hellip;]<\/p>\n","protected":false},"author":1,"featured_media":18131,"parent":2426,"menu_order":1,"comment_status":"closed","ping_status":"closed","template":"","meta":{"_acf_changed":false,"inline_featured_image":false,"footnotes":""},"class_list":["post-18019","page","type-page","status-publish","has-post-thumbnail","hentry"],"acf":[],"yoast_head":"<!-- This site is optimized with the Yoast SEO plugin v25.6 - https:\/\/yoast.com\/wordpress\/plugins\/seo\/ -->\n<title>Picnic Chic &amp; British - Ch\u00e2teau Malartic-Lagravi\u00e8re<\/title>\n<meta name=\"description\" content=\"Offer a gift voucher for Ch\u00e2teau Malartic-Lagravi\u00e8re.\" \/>\n<meta name=\"robots\" content=\"index, follow, max-snippet:-1, max-image-preview:large, max-video-preview:-1\" \/>\n<link rel=\"canonical\" href=\"https:\/\/www.malartic-lagraviere.com\/en\/tours-tasting\/gift-voucher\/\" \/>\n<meta property=\"og:locale\" content=\"en_US\" \/>\n<meta property=\"og:type\" content=\"article\" \/>\n<meta property=\"og:title\" content=\"Picnic Chic &amp; British - Ch\u00e2teau Malartic-Lagravi\u00e8re\" \/>\n<meta property=\"og:description\" content=\"Offer a gift voucher for Ch\u00e2teau Malartic-Lagravi\u00e8re.\" \/>\n<meta property=\"og:url\" content=\"https:\/\/www.malartic-lagraviere.com\/en\/tours-tasting\/gift-voucher\/\" \/>\n<meta property=\"og:site_name\" content=\"Malartic Lagravi\u00e8re\" \/>\n<meta property=\"article:publisher\" content=\"https:\/\/www.facebook.com\/Malartic.Lagraviere\/\" \/>\n<meta property=\"article:modified_time\" content=\"2026-04-16T13:33:43+00:00\" \/>\n<meta property=\"og:image\" content=\"https:\/\/www.malartic-lagraviere.com\/wp-content\/uploads\/2026\/03\/bon-cadeau-en.png\" \/>\n\t<meta property=\"og:image:width\" content=\"600\" \/>\n\t<meta property=\"og:image:height\" content=\"200\" \/>\n\t<meta property=\"og:image:type\" content=\"image\/png\" \/>\n<meta name=\"twitter:card\" content=\"summary_large_image\" \/>\n<meta name=\"twitter:label1\" content=\"Est. reading time\" \/>\n\t<meta name=\"twitter:data1\" content=\"1 minute\" \/>\n<script type=\"application\/ld+json\" class=\"yoast-schema-graph\">{\"@context\":\"https:\/\/schema.org\",\"@graph\":[{\"@type\":\"WebPage\",\"@id\":\"https:\/\/www.malartic-lagraviere.com\/en\/tours-tasting\/gift-voucher\/\",\"url\":\"https:\/\/www.malartic-lagraviere.com\/en\/tours-tasting\/gift-voucher\/\",\"name\":\"Picnic Chic & British - Ch\u00e2teau Malartic-Lagravi\u00e8re\",\"isPartOf\":{\"@id\":\"https:\/\/www.malartic-lagraviere.com\/en\/#website\"},\"primaryImageOfPage\":{\"@id\":\"https:\/\/www.malartic-lagraviere.com\/en\/tours-tasting\/gift-voucher\/#primaryimage\"},\"image\":{\"@id\":\"https:\/\/www.malartic-lagraviere.com\/en\/tours-tasting\/gift-voucher\/#primaryimage\"},\"thumbnailUrl\":\"https:\/\/www.malartic-lagraviere.com\/wp-content\/uploads\/2026\/03\/bon-cadeau-en.png\",\"datePublished\":\"2026-03-12T15:00:21+00:00\",\"dateModified\":\"2026-04-16T13:33:43+00:00\",\"description\":\"Offer a gift voucher for Ch\u00e2teau Malartic-Lagravi\u00e8re.\",\"breadcrumb\":{\"@id\":\"https:\/\/www.malartic-lagraviere.com\/en\/tours-tasting\/gift-voucher\/#breadcrumb\"},\"inLanguage\":\"en-US\",\"potentialAction\":[{\"@type\":\"ReadAction\",\"target\":[\"https:\/\/www.malartic-lagraviere.com\/en\/tours-tasting\/gift-voucher\/\"]}]},{\"@type\":\"ImageObject\",\"inLanguage\":\"en-US\",\"@id\":\"https:\/\/www.malartic-lagraviere.com\/en\/tours-tasting\/gift-voucher\/#primaryimage\",\"url\":\"https:\/\/www.malartic-lagraviere.com\/wp-content\/uploads\/2026\/03\/bon-cadeau-en.png\",\"contentUrl\":\"https:\/\/www.malartic-lagraviere.com\/wp-content\/uploads\/2026\/03\/bon-cadeau-en.png\",\"width\":600,\"height\":200},{\"@type\":\"BreadcrumbList\",\"@id\":\"https:\/\/www.malartic-lagraviere.com\/en\/tours-tasting\/gift-voucher\/#breadcrumb\",\"itemListElement\":[{\"@type\":\"ListItem\",\"position\":1,\"name\":\"Accueil\",\"item\":\"https:\/\/www.malartic-lagraviere.com\/en\/\"},{\"@type\":\"ListItem\",\"position\":2,\"name\":\"Tours &#038; tasting\",\"item\":\"https:\/\/www.malartic-lagraviere.com\/en\/tours-tasting\/\"},{\"@type\":\"ListItem\",\"position\":3,\"name\":\"Gift voucher\"}]},{\"@type\":\"WebSite\",\"@id\":\"https:\/\/www.malartic-lagraviere.com\/en\/#website\",\"url\":\"https:\/\/www.malartic-lagraviere.com\/en\/\",\"name\":\"Malartic Lagravi\u00e8re\",\"description\":\"Un site utilisant WordPress\",\"potentialAction\":[{\"@type\":\"SearchAction\",\"target\":{\"@type\":\"EntryPoint\",\"urlTemplate\":\"https:\/\/www.malartic-lagraviere.com\/en\/?s={search_term_string}\"},\"query-input\":{\"@type\":\"PropertyValueSpecification\",\"valueRequired\":true,\"valueName\":\"search_term_string\"}}],\"inLanguage\":\"en-US\"}]}<\/script>\n<!-- \/ Yoast SEO plugin. -->","yoast_head_json":{"title":"Picnic Chic & British - Ch\u00e2teau Malartic-Lagravi\u00e8re","description":"Offer a gift voucher for Ch\u00e2teau Malartic-Lagravi\u00e8re.","robots":{"index":"index","follow":"follow","max-snippet":"max-snippet:-1","max-image-preview":"max-image-preview:large","max-video-preview":"max-video-preview:-1"},"canonical":"https:\/\/www.malartic-lagraviere.com\/en\/tours-tasting\/gift-voucher\/","og_locale":"en_US","og_type":"article","og_title":"Picnic Chic & British - Ch\u00e2teau Malartic-Lagravi\u00e8re","og_description":"Offer a gift voucher for Ch\u00e2teau Malartic-Lagravi\u00e8re.","og_url":"https:\/\/www.malartic-lagraviere.com\/en\/tours-tasting\/gift-voucher\/","og_site_name":"Malartic Lagravi\u00e8re","article_publisher":"https:\/\/www.facebook.com\/Malartic.Lagraviere\/","article_modified_time":"2026-04-16T13:33:43+00:00","og_image":[{"width":600,"height":200,"url":"https:\/\/www.malartic-lagraviere.com\/wp-content\/uploads\/2026\/03\/bon-cadeau-en.png","type":"image\/png"}],"twitter_card":"summary_large_image","twitter_misc":{"Est. reading time":"1 minute"},"schema":{"@context":"https:\/\/schema.org","@graph":[{"@type":"WebPage","@id":"https:\/\/www.malartic-lagraviere.com\/en\/tours-tasting\/gift-voucher\/","url":"https:\/\/www.malartic-lagraviere.com\/en\/tours-tasting\/gift-voucher\/","name":"Picnic Chic & British - Ch\u00e2teau Malartic-Lagravi\u00e8re","isPartOf":{"@id":"https:\/\/www.malartic-lagraviere.com\/en\/#website"},"primaryImageOfPage":{"@id":"https:\/\/www.malartic-lagraviere.com\/en\/tours-tasting\/gift-voucher\/#primaryimage"},"image":{"@id":"https:\/\/www.malartic-lagraviere.com\/en\/tours-tasting\/gift-voucher\/#primaryimage"},"thumbnailUrl":"https:\/\/www.malartic-lagraviere.com\/wp-content\/uploads\/2026\/03\/bon-cadeau-en.png","datePublished":"2026-03-12T15:00:21+00:00","dateModified":"2026-04-16T13:33:43+00:00","description":"Offer a gift voucher for Ch\u00e2teau Malartic-Lagravi\u00e8re.","breadcrumb":{"@id":"https:\/\/www.malartic-lagraviere.com\/en\/tours-tasting\/gift-voucher\/#breadcrumb"},"inLanguage":"en-US","potentialAction":[{"@type":"ReadAction","target":["https:\/\/www.malartic-lagraviere.com\/en\/tours-tasting\/gift-voucher\/"]}]},{"@type":"ImageObject","inLanguage":"en-US","@id":"https:\/\/www.malartic-lagraviere.com\/en\/tours-tasting\/gift-voucher\/#primaryimage","url":"https:\/\/www.malartic-lagraviere.com\/wp-content\/uploads\/2026\/03\/bon-cadeau-en.png","contentUrl":"https:\/\/www.malartic-lagraviere.com\/wp-content\/uploads\/2026\/03\/bon-cadeau-en.png","width":600,"height":200},{"@type":"BreadcrumbList","@id":"https:\/\/www.malartic-lagraviere.com\/en\/tours-tasting\/gift-voucher\/#breadcrumb","itemListElement":[{"@type":"ListItem","position":1,"name":"Accueil","item":"https:\/\/www.malartic-lagraviere.com\/en\/"},{"@type":"ListItem","position":2,"name":"Tours &#038; tasting","item":"https:\/\/www.malartic-lagraviere.com\/en\/tours-tasting\/"},{"@type":"ListItem","position":3,"name":"Gift voucher"}]},{"@type":"WebSite","@id":"https:\/\/www.malartic-lagraviere.com\/en\/#website","url":"https:\/\/www.malartic-lagraviere.com\/en\/","name":"Malartic Lagravi\u00e8re","description":"Un site utilisant WordPress","potentialAction":[{"@type":"SearchAction","target":{"@type":"EntryPoint","urlTemplate":"https:\/\/www.malartic-lagraviere.com\/en\/?s={search_term_string}"},"query-input":{"@type":"PropertyValueSpecification","valueRequired":true,"valueName":"search_term_string"}}],"inLanguage":"en-US"}]}},"_links":{"self":[{"href":"https:\/\/www.malartic-lagraviere.com\/en\/wp-json\/wp\/v2\/pages\/18019"}],"collection":[{"href":"https:\/\/www.malartic-lagraviere.com\/en\/wp-json\/wp\/v2\/pages"}],"about":[{"href":"https:\/\/www.malartic-lagraviere.com\/en\/wp-json\/wp\/v2\/types\/page"}],"author":[{"embeddable":true,"href":"https:\/\/www.malartic-lagraviere.com\/en\/wp-json\/wp\/v2\/users\/1"}],"replies":[{"embeddable":true,"href":"https:\/\/www.malartic-lagraviere.com\/en\/wp-json\/wp\/v2\/comments?post=18019"}],"version-history":[{"count":3,"href":"https:\/\/www.malartic-lagraviere.com\/en\/wp-json\/wp\/v2\/pages\/18019\/revisions"}],"predecessor-version":[{"id":18385,"href":"https:\/\/www.malartic-lagraviere.com\/en\/wp-json\/wp\/v2\/pages\/18019\/revisions\/18385"}],"up":[{"embeddable":true,"href":"https:\/\/www.malartic-lagraviere.com\/en\/wp-json\/wp\/v2\/pages\/2426"}],"wp:featuredmedia":[{"embeddable":true,"href":"https:\/\/www.malartic-lagraviere.com\/en\/wp-json\/wp\/v2\/media\/18131"}],"wp:attachment":[{"href":"https:\/\/www.malartic-lagraviere.com\/en\/wp-json\/wp\/v2\/media?parent=18019"}],"curies":[{"name":"wp","href":"https:\/\/api.w.org\/{rel}","templated":true}]}}