{"id":2422,"date":"2021-12-01T16:50:46","date_gmt":"2021-12-01T15:50:46","guid":{"rendered":"https:\/\/www.malartic-lagraviere.com\/?page_id=2422"},"modified":"2026-02-19T16:35:47","modified_gmt":"2026-02-19T15:35:47","slug":"meals-at-the-chateau","status":"publish","type":"page","link":"https:\/\/www.malartic-lagraviere.com\/en\/tours-tasting\/meals-at-the-chateau\/","title":{"rendered":"Lunch at the Ch\u00e2teau"},"content":{"rendered":"<p>After a full tour of the estate, cellars and vineyards, you&#8217;ll enjoy a gourmet meal with a wine pairing prepared by our in-house chef.<\/p>\n<p>Throughout the year, we offer seasonal menus, with vegetarian options, which sublimate the selection of our vintages, both red and white.<\/p>\n<p>You&#8217;ll be welcomed in the elegant, cosy setting of the Ch\u00e2teau&#8217;s private residence, or on the terrace overlooking the park in fine weather, for an exceptional gastronomic experience!<\/p>\n<p>&nbsp;<\/p>\n<h2 style=\"text-align: center;\">Spring menu<\/h2>\n<h3 style=\"text-align: center;\">Aperitif :<\/h3>\n<p style=\"font-weight: 400; text-align: center;\">Le Comte de Malartic blanc 2023<\/p>\n<h3 style=\"text-align: center;\">Starter :<\/h3>\n<p style=\"font-weight: 400; text-align: center;\">Ch\u00e2teau Malartic-Lagravi\u00e8re, Grand Cru Class\u00e9 blanc 2010<\/p>\n<p style=\"font-weight: 400; text-align: center;\">Sea bream gravlax, clementine zest, pickled red onions, guacamole accents<\/p>\n<h3 style=\"text-align: center;\">Main courses :<\/h3>\n<p style=\"text-align: center;\">Ch\u00e2teau Gazin Rocquencourt rouge 2014<br \/>\nCh\u00e2teau Malartic-Lagravi\u00e8re, Grand Cru Class\u00e9 rouge 2018<\/p>\n<p style=\"font-weight: 400; text-align: center;\">Ravioles farce mi-porc mi-veau, ricotta, champignons, bouillon v\u00e9g\u00e9tal et tagliatelles de<br \/>\nl\u00e9gumes<\/p>\n<p style=\"font-weight: 400; text-align: center;\">Veggie Option: Roasted cauliflower, parsnip mousseline, roasted chickpeas, creamy satay sauce<\/p>\n<h3 style=\"text-align: center;\">Dessert :<\/h3>\n<p style=\"font-weight: 400; text-align: center;\">Millefeuille de pommes caram\u00e9lis\u00e9es<\/p>\n<p style=\"text-align: center;\"><img loading=\"lazy\" decoding=\"async\" class=\"alignnone size-medium wp-image-17810\" src=\"https:\/\/www.malartic-lagraviere.com\/wp-content\/uploads\/2026\/02\/entree-1-225x300.jpg\" alt=\"\" width=\"225\" height=\"300\" srcset=\"https:\/\/www.malartic-lagraviere.com\/wp-content\/uploads\/2026\/02\/entree-1-225x300.jpg 225w, https:\/\/www.malartic-lagraviere.com\/wp-content\/uploads\/2026\/02\/entree-1-768x1024.jpg 768w, https:\/\/www.malartic-lagraviere.com\/wp-content\/uploads\/2026\/02\/entree-1-1152x1536.jpg 1152w, https:\/\/www.malartic-lagraviere.com\/wp-content\/uploads\/2026\/02\/entree-1-scaled.jpg 1536w, https:\/\/www.malartic-lagraviere.com\/wp-content\/uploads\/2026\/02\/entree-1-150x200.jpg 150w, https:\/\/www.malartic-lagraviere.com\/wp-content\/uploads\/2026\/02\/entree-1-413x550.jpg 413w, https:\/\/www.malartic-lagraviere.com\/wp-content\/uploads\/2026\/02\/entree-1-400x533.jpg 400w, https:\/\/www.malartic-lagraviere.com\/wp-content\/uploads\/2026\/02\/entree-1-375x500.jpg 375w, https:\/\/www.malartic-lagraviere.com\/wp-content\/uploads\/2026\/02\/entree-1-1160x1547.jpg 1160w\" sizes=\"(max-width: 225px) 100vw, 225px\" \/> <img loading=\"lazy\" decoding=\"async\" class=\"alignnone size-medium wp-image-17812\" src=\"https:\/\/www.malartic-lagraviere.com\/wp-content\/uploads\/2026\/02\/plat-2-225x300.jpg\" alt=\"\" width=\"225\" height=\"300\" srcset=\"https:\/\/www.malartic-lagraviere.com\/wp-content\/uploads\/2026\/02\/plat-2-225x300.jpg 225w, https:\/\/www.malartic-lagraviere.com\/wp-content\/uploads\/2026\/02\/plat-2-768x1024.jpg 768w, https:\/\/www.malartic-lagraviere.com\/wp-content\/uploads\/2026\/02\/plat-2-1152x1536.jpg 1152w, https:\/\/www.malartic-lagraviere.com\/wp-content\/uploads\/2026\/02\/plat-2-scaled.jpg 1536w, https:\/\/www.malartic-lagraviere.com\/wp-content\/uploads\/2026\/02\/plat-2-150x200.jpg 150w, https:\/\/www.malartic-lagraviere.com\/wp-content\/uploads\/2026\/02\/plat-2-413x550.jpg 413w, https:\/\/www.malartic-lagraviere.com\/wp-content\/uploads\/2026\/02\/plat-2-400x533.jpg 400w, https:\/\/www.malartic-lagraviere.com\/wp-content\/uploads\/2026\/02\/plat-2-375x500.jpg 375w, https:\/\/www.malartic-lagraviere.com\/wp-content\/uploads\/2026\/02\/plat-2-1160x1547.jpg 1160w\" sizes=\"(max-width: 225px) 100vw, 225px\" \/> <img loading=\"lazy\" decoding=\"async\" class=\"alignnone size-medium wp-image-17814\" src=\"https:\/\/www.malartic-lagraviere.com\/wp-content\/uploads\/2026\/02\/vegge-1-225x300.jpg\" alt=\"\" width=\"225\" height=\"300\" srcset=\"https:\/\/www.malartic-lagraviere.com\/wp-content\/uploads\/2026\/02\/vegge-1-225x300.jpg 225w, https:\/\/www.malartic-lagraviere.com\/wp-content\/uploads\/2026\/02\/vegge-1-768x1024.jpg 768w, https:\/\/www.malartic-lagraviere.com\/wp-content\/uploads\/2026\/02\/vegge-1-1152x1536.jpg 1152w, https:\/\/www.malartic-lagraviere.com\/wp-content\/uploads\/2026\/02\/vegge-1-scaled.jpg 1536w, https:\/\/www.malartic-lagraviere.com\/wp-content\/uploads\/2026\/02\/vegge-1-150x200.jpg 150w, https:\/\/www.malartic-lagraviere.com\/wp-content\/uploads\/2026\/02\/vegge-1-413x550.jpg 413w, https:\/\/www.malartic-lagraviere.com\/wp-content\/uploads\/2026\/02\/vegge-1-400x533.jpg 400w, https:\/\/www.malartic-lagraviere.com\/wp-content\/uploads\/2026\/02\/vegge-1-375x500.jpg 375w, https:\/\/www.malartic-lagraviere.com\/wp-content\/uploads\/2026\/02\/vegge-1-1160x1547.jpg 1160w\" sizes=\"(max-width: 225px) 100vw, 225px\" \/> <img loading=\"lazy\" decoding=\"async\" class=\"alignnone size-medium wp-image-17816\" src=\"https:\/\/www.malartic-lagraviere.com\/wp-content\/uploads\/2026\/02\/dessert-1-225x300.jpg\" alt=\"\" width=\"225\" height=\"300\" \/><\/p>\n<p>&nbsp;<\/p>\n<p style=\"text-align: center;\">From \u20ac149 per person, including VAT.<\/p>\n<p style=\"text-align: center;\"><span style=\"font-size: 21px; color: #b58c42;\"><strong>Reservation request<\/strong><\/span><\/p>\n","protected":false},"excerpt":{"rendered":"<p>After a full tour of the estate, cellars and vineyards, you&#8217;ll enjoy a gourmet meal with a wine pairing prepared by our in-house chef. Throughout the year, we offer seasonal menus, with vegetarian options, which sublimate the selection of our vintages, both red and white. You&#8217;ll be welcomed in the elegant, cosy setting of the [&hellip;]<\/p>\n","protected":false},"author":1,"featured_media":13648,"parent":2426,"menu_order":9,"comment_status":"closed","ping_status":"closed","template":"","meta":{"_acf_changed":false,"inline_featured_image":false,"footnotes":""},"class_list":["post-2422","page","type-page","status-publish","has-post-thumbnail","hentry"],"acf":[],"yoast_head":"<!-- This site is optimized with the Yoast SEO plugin v25.6 - https:\/\/yoast.com\/wordpress\/plugins\/seo\/ -->\n<title>Lunch at the Ch\u00e2teau - Malartic Lagravi\u00e8re<\/title>\n<meta name=\"robots\" content=\"index, follow, max-snippet:-1, max-image-preview:large, max-video-preview:-1\" \/>\n<link rel=\"canonical\" href=\"https:\/\/www.malartic-lagraviere.com\/en\/tours-tasting\/meals-at-the-chateau\/\" \/>\n<meta property=\"og:locale\" content=\"en_US\" \/>\n<meta property=\"og:type\" content=\"article\" \/>\n<meta property=\"og:title\" content=\"Lunch at the Ch\u00e2teau - Malartic Lagravi\u00e8re\" \/>\n<meta property=\"og:description\" content=\"After a full tour of the estate, cellars and vineyards, you&#8217;ll enjoy a gourmet meal with a wine pairing prepared by our in-house chef. Throughout the year, we offer seasonal menus, with vegetarian options, which sublimate the selection of our vintages, both red and white. You&#8217;ll be welcomed in the elegant, cosy setting of the [&hellip;]\" \/>\n<meta property=\"og:url\" content=\"https:\/\/www.malartic-lagraviere.com\/en\/tours-tasting\/meals-at-the-chateau\/\" \/>\n<meta property=\"og:site_name\" content=\"Malartic Lagravi\u00e8re\" \/>\n<meta property=\"article:publisher\" content=\"https:\/\/www.facebook.com\/Malartic.Lagraviere\/\" \/>\n<meta property=\"article:modified_time\" content=\"2026-02-19T15:35:47+00:00\" \/>\n<meta property=\"og:image\" content=\"https:\/\/www.malartic-lagraviere.com\/wp-content\/uploads\/2024\/11\/latelierdestyle-162.jpg\" \/>\n\t<meta property=\"og:image:width\" content=\"1772\" \/>\n\t<meta property=\"og:image:height\" content=\"1181\" \/>\n\t<meta property=\"og:image:type\" content=\"image\/jpeg\" \/>\n<meta name=\"twitter:card\" content=\"summary_large_image\" \/>\n<meta name=\"twitter:label1\" content=\"Est. reading time\" \/>\n\t<meta name=\"twitter:data1\" content=\"1 minute\" \/>\n<script type=\"application\/ld+json\" class=\"yoast-schema-graph\">{\"@context\":\"https:\/\/schema.org\",\"@graph\":[{\"@type\":\"WebPage\",\"@id\":\"https:\/\/www.malartic-lagraviere.com\/en\/tours-tasting\/meals-at-the-chateau\/\",\"url\":\"https:\/\/www.malartic-lagraviere.com\/en\/tours-tasting\/meals-at-the-chateau\/\",\"name\":\"Lunch at the Ch\u00e2teau - Malartic Lagravi\u00e8re\",\"isPartOf\":{\"@id\":\"https:\/\/www.malartic-lagraviere.com\/en\/#website\"},\"primaryImageOfPage\":{\"@id\":\"https:\/\/www.malartic-lagraviere.com\/en\/tours-tasting\/meals-at-the-chateau\/#primaryimage\"},\"image\":{\"@id\":\"https:\/\/www.malartic-lagraviere.com\/en\/tours-tasting\/meals-at-the-chateau\/#primaryimage\"},\"thumbnailUrl\":\"https:\/\/www.malartic-lagraviere.com\/wp-content\/uploads\/2024\/11\/latelierdestyle-162.jpg\",\"datePublished\":\"2021-12-01T15:50:46+00:00\",\"dateModified\":\"2026-02-19T15:35:47+00:00\",\"breadcrumb\":{\"@id\":\"https:\/\/www.malartic-lagraviere.com\/en\/tours-tasting\/meals-at-the-chateau\/#breadcrumb\"},\"inLanguage\":\"en-US\",\"potentialAction\":[{\"@type\":\"ReadAction\",\"target\":[\"https:\/\/www.malartic-lagraviere.com\/en\/tours-tasting\/meals-at-the-chateau\/\"]}]},{\"@type\":\"ImageObject\",\"inLanguage\":\"en-US\",\"@id\":\"https:\/\/www.malartic-lagraviere.com\/en\/tours-tasting\/meals-at-the-chateau\/#primaryimage\",\"url\":\"https:\/\/www.malartic-lagraviere.com\/wp-content\/uploads\/2024\/11\/latelierdestyle-162.jpg\",\"contentUrl\":\"https:\/\/www.malartic-lagraviere.com\/wp-content\/uploads\/2024\/11\/latelierdestyle-162.jpg\",\"width\":1772,\"height\":1181,\"caption\":\"Photo repas d'hiver\"},{\"@type\":\"BreadcrumbList\",\"@id\":\"https:\/\/www.malartic-lagraviere.com\/en\/tours-tasting\/meals-at-the-chateau\/#breadcrumb\",\"itemListElement\":[{\"@type\":\"ListItem\",\"position\":1,\"name\":\"Accueil\",\"item\":\"https:\/\/www.malartic-lagraviere.com\/en\/\"},{\"@type\":\"ListItem\",\"position\":2,\"name\":\"Tours &#038; tasting\",\"item\":\"https:\/\/www.malartic-lagraviere.com\/en\/tours-tasting\/\"},{\"@type\":\"ListItem\",\"position\":3,\"name\":\"Lunch at the Ch\u00e2teau\"}]},{\"@type\":\"WebSite\",\"@id\":\"https:\/\/www.malartic-lagraviere.com\/en\/#website\",\"url\":\"https:\/\/www.malartic-lagraviere.com\/en\/\",\"name\":\"Malartic Lagravi\u00e8re\",\"description\":\"Un site utilisant WordPress\",\"potentialAction\":[{\"@type\":\"SearchAction\",\"target\":{\"@type\":\"EntryPoint\",\"urlTemplate\":\"https:\/\/www.malartic-lagraviere.com\/en\/?s={search_term_string}\"},\"query-input\":{\"@type\":\"PropertyValueSpecification\",\"valueRequired\":true,\"valueName\":\"search_term_string\"}}],\"inLanguage\":\"en-US\"}]}<\/script>\n<!-- \/ Yoast SEO plugin. -->","yoast_head_json":{"title":"Lunch at the Ch\u00e2teau - Malartic Lagravi\u00e8re","robots":{"index":"index","follow":"follow","max-snippet":"max-snippet:-1","max-image-preview":"max-image-preview:large","max-video-preview":"max-video-preview:-1"},"canonical":"https:\/\/www.malartic-lagraviere.com\/en\/tours-tasting\/meals-at-the-chateau\/","og_locale":"en_US","og_type":"article","og_title":"Lunch at the Ch\u00e2teau - Malartic Lagravi\u00e8re","og_description":"After a full tour of the estate, cellars and vineyards, you&#8217;ll enjoy a gourmet meal with a wine pairing prepared by our in-house chef. Throughout the year, we offer seasonal menus, with vegetarian options, which sublimate the selection of our vintages, both red and white. You&#8217;ll be welcomed in the elegant, cosy setting of the [&hellip;]","og_url":"https:\/\/www.malartic-lagraviere.com\/en\/tours-tasting\/meals-at-the-chateau\/","og_site_name":"Malartic Lagravi\u00e8re","article_publisher":"https:\/\/www.facebook.com\/Malartic.Lagraviere\/","article_modified_time":"2026-02-19T15:35:47+00:00","og_image":[{"width":1772,"height":1181,"url":"https:\/\/www.malartic-lagraviere.com\/wp-content\/uploads\/2024\/11\/latelierdestyle-162.jpg","type":"image\/jpeg"}],"twitter_card":"summary_large_image","twitter_misc":{"Est. reading time":"1 minute"},"schema":{"@context":"https:\/\/schema.org","@graph":[{"@type":"WebPage","@id":"https:\/\/www.malartic-lagraviere.com\/en\/tours-tasting\/meals-at-the-chateau\/","url":"https:\/\/www.malartic-lagraviere.com\/en\/tours-tasting\/meals-at-the-chateau\/","name":"Lunch at the Ch\u00e2teau - Malartic Lagravi\u00e8re","isPartOf":{"@id":"https:\/\/www.malartic-lagraviere.com\/en\/#website"},"primaryImageOfPage":{"@id":"https:\/\/www.malartic-lagraviere.com\/en\/tours-tasting\/meals-at-the-chateau\/#primaryimage"},"image":{"@id":"https:\/\/www.malartic-lagraviere.com\/en\/tours-tasting\/meals-at-the-chateau\/#primaryimage"},"thumbnailUrl":"https:\/\/www.malartic-lagraviere.com\/wp-content\/uploads\/2024\/11\/latelierdestyle-162.jpg","datePublished":"2021-12-01T15:50:46+00:00","dateModified":"2026-02-19T15:35:47+00:00","breadcrumb":{"@id":"https:\/\/www.malartic-lagraviere.com\/en\/tours-tasting\/meals-at-the-chateau\/#breadcrumb"},"inLanguage":"en-US","potentialAction":[{"@type":"ReadAction","target":["https:\/\/www.malartic-lagraviere.com\/en\/tours-tasting\/meals-at-the-chateau\/"]}]},{"@type":"ImageObject","inLanguage":"en-US","@id":"https:\/\/www.malartic-lagraviere.com\/en\/tours-tasting\/meals-at-the-chateau\/#primaryimage","url":"https:\/\/www.malartic-lagraviere.com\/wp-content\/uploads\/2024\/11\/latelierdestyle-162.jpg","contentUrl":"https:\/\/www.malartic-lagraviere.com\/wp-content\/uploads\/2024\/11\/latelierdestyle-162.jpg","width":1772,"height":1181,"caption":"Photo repas d'hiver"},{"@type":"BreadcrumbList","@id":"https:\/\/www.malartic-lagraviere.com\/en\/tours-tasting\/meals-at-the-chateau\/#breadcrumb","itemListElement":[{"@type":"ListItem","position":1,"name":"Accueil","item":"https:\/\/www.malartic-lagraviere.com\/en\/"},{"@type":"ListItem","position":2,"name":"Tours &#038; tasting","item":"https:\/\/www.malartic-lagraviere.com\/en\/tours-tasting\/"},{"@type":"ListItem","position":3,"name":"Lunch at the Ch\u00e2teau"}]},{"@type":"WebSite","@id":"https:\/\/www.malartic-lagraviere.com\/en\/#website","url":"https:\/\/www.malartic-lagraviere.com\/en\/","name":"Malartic Lagravi\u00e8re","description":"Un site utilisant WordPress","potentialAction":[{"@type":"SearchAction","target":{"@type":"EntryPoint","urlTemplate":"https:\/\/www.malartic-lagraviere.com\/en\/?s={search_term_string}"},"query-input":{"@type":"PropertyValueSpecification","valueRequired":true,"valueName":"search_term_string"}}],"inLanguage":"en-US"}]}},"_links":{"self":[{"href":"https:\/\/www.malartic-lagraviere.com\/en\/wp-json\/wp\/v2\/pages\/2422"}],"collection":[{"href":"https:\/\/www.malartic-lagraviere.com\/en\/wp-json\/wp\/v2\/pages"}],"about":[{"href":"https:\/\/www.malartic-lagraviere.com\/en\/wp-json\/wp\/v2\/types\/page"}],"author":[{"embeddable":true,"href":"https:\/\/www.malartic-lagraviere.com\/en\/wp-json\/wp\/v2\/users\/1"}],"replies":[{"embeddable":true,"href":"https:\/\/www.malartic-lagraviere.com\/en\/wp-json\/wp\/v2\/comments?post=2422"}],"version-history":[{"count":21,"href":"https:\/\/www.malartic-lagraviere.com\/en\/wp-json\/wp\/v2\/pages\/2422\/revisions"}],"predecessor-version":[{"id":17822,"href":"https:\/\/www.malartic-lagraviere.com\/en\/wp-json\/wp\/v2\/pages\/2422\/revisions\/17822"}],"up":[{"embeddable":true,"href":"https:\/\/www.malartic-lagraviere.com\/en\/wp-json\/wp\/v2\/pages\/2426"}],"wp:featuredmedia":[{"embeddable":true,"href":"https:\/\/www.malartic-lagraviere.com\/en\/wp-json\/wp\/v2\/media\/13648"}],"wp:attachment":[{"href":"https:\/\/www.malartic-lagraviere.com\/en\/wp-json\/wp\/v2\/media?parent=2422"}],"curies":[{"name":"wp","href":"https:\/\/api.w.org\/{rel}","templated":true}]}}