{"id":2449,"date":"2021-12-02T10:10:30","date_gmt":"2021-12-02T09:10:30","guid":{"rendered":"https:\/\/www.malartic-lagraviere.com\/?page_id=2449"},"modified":"2024-11-21T17:33:23","modified_gmt":"2024-11-21T16:33:23","slug":"our-chateau","status":"publish","type":"page","link":"https:\/\/www.malartic-lagraviere.com\/en\/our-chateau\/","title":{"rendered":"Our ch\u00e2teau"},"content":{"rendered":"<p><span style=\"font-weight: 400;\">Located at the gates of Bordeaux, Ch\u00e2teau Malartic Lagravi\u00e8re, a Classified Growth of Graves, is located on the oldest wine-growing terroir in Bordeaux, considered to be the most beautiful gravel \u201ccroupe\u201d (hillock), formed millions of years ago by alluvial deposits.<\/span><\/p>\n<p><span style=\"font-weight: 400;\">The vineyard consists of 73 hectares (180 acres) of vines &#8211; including 7 hectares (17 acres) for the white wines &#8211; made up of the following grape varieties: Merlot, Cabernet Sauvignon, Cabernet Franc and Petit Verdot for the red wine; Sauvignon and S\u00e9millon for the white wine.<\/span><\/p>\n","protected":false},"excerpt":{"rendered":"<p>Located at the gates of Bordeaux, Ch\u00e2teau Malartic Lagravi\u00e8re, a Classified Growth of Graves, is located on the oldest wine-growing terroir in Bordeaux, considered to be the most beautiful gravel \u201ccroupe\u201d (hillock), formed millions of years ago by alluvial deposits. The vineyard consists of 73 hectares (180 acres) of vines &#8211; including 7 hectares (17 [&hellip;]<\/p>\n","protected":false},"author":1,"featured_media":2086,"parent":0,"menu_order":1,"comment_status":"closed","ping_status":"closed","template":"templates\/chateau.php","meta":{"_acf_changed":false,"inline_featured_image":false,"footnotes":""},"class_list":["post-2449","page","type-page","status-publish","has-post-thumbnail","hentry"],"acf":[],"yoast_head":"<!-- This site is optimized with the Yoast SEO plugin v25.6 - https:\/\/yoast.com\/wordpress\/plugins\/seo\/ -->\n<title>Our ch\u00e2teau - Malartic Lagravi\u00e8re<\/title>\n<meta name=\"robots\" content=\"index, follow, max-snippet:-1, max-image-preview:large, max-video-preview:-1\" \/>\n<link rel=\"canonical\" href=\"https:\/\/www.malartic-lagraviere.com\/en\/our-chateau\/\" \/>\n<meta property=\"og:locale\" content=\"en_US\" \/>\n<meta property=\"og:type\" content=\"article\" \/>\n<meta property=\"og:title\" content=\"Our ch\u00e2teau - Malartic Lagravi\u00e8re\" \/>\n<meta property=\"og:description\" content=\"Located at the gates of Bordeaux, Ch\u00e2teau Malartic Lagravi\u00e8re, a Classified Growth of Graves, is located on the oldest wine-growing terroir in Bordeaux, considered to be the most beautiful gravel \u201ccroupe\u201d (hillock), formed millions of years ago by alluvial deposits. The vineyard consists of 73 hectares (180 acres) of vines &#8211; including 7 hectares (17 [&hellip;]\" \/>\n<meta property=\"og:url\" content=\"https:\/\/www.malartic-lagraviere.com\/en\/our-chateau\/\" \/>\n<meta property=\"og:site_name\" content=\"Malartic Lagravi\u00e8re\" \/>\n<meta property=\"article:publisher\" content=\"https:\/\/www.facebook.com\/Malartic.Lagraviere\/\" \/>\n<meta property=\"article:modified_time\" content=\"2024-11-21T16:33:23+00:00\" \/>\n<meta property=\"og:image\" content=\"https:\/\/www.malartic-lagraviere.com\/wp-content\/uploads\/2021\/11\/bandeau-vue-generale-chateau-scaled.jpg\" \/>\n\t<meta property=\"og:image:width\" content=\"2048\" \/>\n\t<meta property=\"og:image:height\" content=\"645\" \/>\n\t<meta property=\"og:image:type\" content=\"image\/jpeg\" \/>\n<meta name=\"twitter:card\" content=\"summary_large_image\" \/>\n<script type=\"application\/ld+json\" class=\"yoast-schema-graph\">{\"@context\":\"https:\/\/schema.org\",\"@graph\":[{\"@type\":\"WebPage\",\"@id\":\"https:\/\/www.malartic-lagraviere.com\/en\/our-chateau\/\",\"url\":\"https:\/\/www.malartic-lagraviere.com\/en\/our-chateau\/\",\"name\":\"Our ch\u00e2teau - Malartic Lagravi\u00e8re\",\"isPartOf\":{\"@id\":\"https:\/\/www.malartic-lagraviere.com\/en\/#website\"},\"primaryImageOfPage\":{\"@id\":\"https:\/\/www.malartic-lagraviere.com\/en\/our-chateau\/#primaryimage\"},\"image\":{\"@id\":\"https:\/\/www.malartic-lagraviere.com\/en\/our-chateau\/#primaryimage\"},\"thumbnailUrl\":\"https:\/\/www.malartic-lagraviere.com\/wp-content\/uploads\/2021\/11\/bandeau-vue-generale-chateau-scaled.jpg\",\"datePublished\":\"2021-12-02T09:10:30+00:00\",\"dateModified\":\"2024-11-21T16:33:23+00:00\",\"breadcrumb\":{\"@id\":\"https:\/\/www.malartic-lagraviere.com\/en\/our-chateau\/#breadcrumb\"},\"inLanguage\":\"en-US\",\"potentialAction\":[{\"@type\":\"ReadAction\",\"target\":[\"https:\/\/www.malartic-lagraviere.com\/en\/our-chateau\/\"]}]},{\"@type\":\"ImageObject\",\"inLanguage\":\"en-US\",\"@id\":\"https:\/\/www.malartic-lagraviere.com\/en\/our-chateau\/#primaryimage\",\"url\":\"https:\/\/www.malartic-lagraviere.com\/wp-content\/uploads\/2021\/11\/bandeau-vue-generale-chateau-scaled.jpg\",\"contentUrl\":\"https:\/\/www.malartic-lagraviere.com\/wp-content\/uploads\/2021\/11\/bandeau-vue-generale-chateau-scaled.jpg\",\"width\":2048,\"height\":645},{\"@type\":\"BreadcrumbList\",\"@id\":\"https:\/\/www.malartic-lagraviere.com\/en\/our-chateau\/#breadcrumb\",\"itemListElement\":[{\"@type\":\"ListItem\",\"position\":1,\"name\":\"Accueil\",\"item\":\"https:\/\/www.malartic-lagraviere.com\/en\/\"},{\"@type\":\"ListItem\",\"position\":2,\"name\":\"Our ch\u00e2teau\"}]},{\"@type\":\"WebSite\",\"@id\":\"https:\/\/www.malartic-lagraviere.com\/en\/#website\",\"url\":\"https:\/\/www.malartic-lagraviere.com\/en\/\",\"name\":\"Malartic Lagravi\u00e8re\",\"description\":\"Un site utilisant WordPress\",\"potentialAction\":[{\"@type\":\"SearchAction\",\"target\":{\"@type\":\"EntryPoint\",\"urlTemplate\":\"https:\/\/www.malartic-lagraviere.com\/en\/?s={search_term_string}\"},\"query-input\":{\"@type\":\"PropertyValueSpecification\",\"valueRequired\":true,\"valueName\":\"search_term_string\"}}],\"inLanguage\":\"en-US\"}]}<\/script>\n<!-- \/ Yoast SEO plugin. -->","yoast_head_json":{"title":"Our ch\u00e2teau - Malartic Lagravi\u00e8re","robots":{"index":"index","follow":"follow","max-snippet":"max-snippet:-1","max-image-preview":"max-image-preview:large","max-video-preview":"max-video-preview:-1"},"canonical":"https:\/\/www.malartic-lagraviere.com\/en\/our-chateau\/","og_locale":"en_US","og_type":"article","og_title":"Our ch\u00e2teau - Malartic Lagravi\u00e8re","og_description":"Located at the gates of Bordeaux, Ch\u00e2teau Malartic Lagravi\u00e8re, a Classified Growth of Graves, is located on the oldest wine-growing terroir in Bordeaux, considered to be the most beautiful gravel \u201ccroupe\u201d (hillock), formed millions of years ago by alluvial deposits. The vineyard consists of 73 hectares (180 acres) of vines &#8211; including 7 hectares (17 [&hellip;]","og_url":"https:\/\/www.malartic-lagraviere.com\/en\/our-chateau\/","og_site_name":"Malartic Lagravi\u00e8re","article_publisher":"https:\/\/www.facebook.com\/Malartic.Lagraviere\/","article_modified_time":"2024-11-21T16:33:23+00:00","og_image":[{"width":2048,"height":645,"url":"https:\/\/www.malartic-lagraviere.com\/wp-content\/uploads\/2021\/11\/bandeau-vue-generale-chateau-scaled.jpg","type":"image\/jpeg"}],"twitter_card":"summary_large_image","schema":{"@context":"https:\/\/schema.org","@graph":[{"@type":"WebPage","@id":"https:\/\/www.malartic-lagraviere.com\/en\/our-chateau\/","url":"https:\/\/www.malartic-lagraviere.com\/en\/our-chateau\/","name":"Our ch\u00e2teau - Malartic Lagravi\u00e8re","isPartOf":{"@id":"https:\/\/www.malartic-lagraviere.com\/en\/#website"},"primaryImageOfPage":{"@id":"https:\/\/www.malartic-lagraviere.com\/en\/our-chateau\/#primaryimage"},"image":{"@id":"https:\/\/www.malartic-lagraviere.com\/en\/our-chateau\/#primaryimage"},"thumbnailUrl":"https:\/\/www.malartic-lagraviere.com\/wp-content\/uploads\/2021\/11\/bandeau-vue-generale-chateau-scaled.jpg","datePublished":"2021-12-02T09:10:30+00:00","dateModified":"2024-11-21T16:33:23+00:00","breadcrumb":{"@id":"https:\/\/www.malartic-lagraviere.com\/en\/our-chateau\/#breadcrumb"},"inLanguage":"en-US","potentialAction":[{"@type":"ReadAction","target":["https:\/\/www.malartic-lagraviere.com\/en\/our-chateau\/"]}]},{"@type":"ImageObject","inLanguage":"en-US","@id":"https:\/\/www.malartic-lagraviere.com\/en\/our-chateau\/#primaryimage","url":"https:\/\/www.malartic-lagraviere.com\/wp-content\/uploads\/2021\/11\/bandeau-vue-generale-chateau-scaled.jpg","contentUrl":"https:\/\/www.malartic-lagraviere.com\/wp-content\/uploads\/2021\/11\/bandeau-vue-generale-chateau-scaled.jpg","width":2048,"height":645},{"@type":"BreadcrumbList","@id":"https:\/\/www.malartic-lagraviere.com\/en\/our-chateau\/#breadcrumb","itemListElement":[{"@type":"ListItem","position":1,"name":"Accueil","item":"https:\/\/www.malartic-lagraviere.com\/en\/"},{"@type":"ListItem","position":2,"name":"Our ch\u00e2teau"}]},{"@type":"WebSite","@id":"https:\/\/www.malartic-lagraviere.com\/en\/#website","url":"https:\/\/www.malartic-lagraviere.com\/en\/","name":"Malartic Lagravi\u00e8re","description":"Un site utilisant WordPress","potentialAction":[{"@type":"SearchAction","target":{"@type":"EntryPoint","urlTemplate":"https:\/\/www.malartic-lagraviere.com\/en\/?s={search_term_string}"},"query-input":{"@type":"PropertyValueSpecification","valueRequired":true,"valueName":"search_term_string"}}],"inLanguage":"en-US"}]}},"_links":{"self":[{"href":"https:\/\/www.malartic-lagraviere.com\/en\/wp-json\/wp\/v2\/pages\/2449"}],"collection":[{"href":"https:\/\/www.malartic-lagraviere.com\/en\/wp-json\/wp\/v2\/pages"}],"about":[{"href":"https:\/\/www.malartic-lagraviere.com\/en\/wp-json\/wp\/v2\/types\/page"}],"author":[{"embeddable":true,"href":"https:\/\/www.malartic-lagraviere.com\/en\/wp-json\/wp\/v2\/users\/1"}],"replies":[{"embeddable":true,"href":"https:\/\/www.malartic-lagraviere.com\/en\/wp-json\/wp\/v2\/comments?post=2449"}],"version-history":[{"count":9,"href":"https:\/\/www.malartic-lagraviere.com\/en\/wp-json\/wp\/v2\/pages\/2449\/revisions"}],"predecessor-version":[{"id":13720,"href":"https:\/\/www.malartic-lagraviere.com\/en\/wp-json\/wp\/v2\/pages\/2449\/revisions\/13720"}],"wp:featuredmedia":[{"embeddable":true,"href":"https:\/\/www.malartic-lagraviere.com\/en\/wp-json\/wp\/v2\/media\/2086"}],"wp:attachment":[{"href":"https:\/\/www.malartic-lagraviere.com\/en\/wp-json\/wp\/v2\/media?parent=2449"}],"curies":[{"name":"wp","href":"https:\/\/api.w.org\/{rel}","templated":true}]}}