{"id":3472,"date":"2021-11-18T17:03:30","date_gmt":"2021-11-18T16:03:30","guid":{"rendered":"https:\/\/www.malartic-lagraviere.com\/our-wines\/chateau-malartic-lagraviere\/malartic-white\/malartic-lagraviere-2008-blanc\/"},"modified":"2023-01-13T17:17:35","modified_gmt":"2023-01-13T16:17:35","slug":"malartic-lagraviere-2008-white","status":"publish","type":"page","link":"https:\/\/www.malartic-lagraviere.com\/en\/our-wines\/chateau-malartic-lagraviere\/malartic-white\/malartic-lagraviere-2008-white\/","title":{"rendered":"Malartic Lagravi\u00e8re 2008 white"},"content":{"rendered":"<p>C\u2019est dans une recherche constante de qualit\u00e9 et s\u2019appuyant sur des \u00e9quipes hautement qualifi\u00e9es et impliqu\u00e9es que la famille Bonnie \u00e9labore avec passion les vins des Vignobles Malartic. Mill\u00e9sime apr\u00e8s mill\u00e9sime, les vins des Ch\u00e2teaux Malartic-Lagravi\u00e8re expriment brillamment la noblesse et l\u2019identit\u00e9 de leurs terroirs.<\/p>\n","protected":false},"excerpt":{"rendered":"<p>C\u2019est dans une recherche constante de qualit\u00e9 et s\u2019appuyant sur des \u00e9quipes hautement qualifi\u00e9es et impliqu\u00e9es que la famille Bonnie \u00e9labore avec passion les vins des Vignobles Malartic. Mill\u00e9sime apr\u00e8s mill\u00e9sime, les vins des Ch\u00e2teaux Malartic-Lagravi\u00e8re expriment brillamment la noblesse et l\u2019identit\u00e9 de leurs terroirs.<\/p>\n","protected":false},"author":1,"featured_media":0,"parent":3394,"menu_order":8,"comment_status":"closed","ping_status":"closed","template":"templates\/millesime.php","meta":{"_acf_changed":false,"inline_featured_image":false,"footnotes":""},"class_list":["post-3472","page","type-page","status-publish","hentry"],"acf":[],"yoast_head":"<!-- This site is optimized with the Yoast SEO plugin v25.6 - https:\/\/yoast.com\/wordpress\/plugins\/seo\/ -->\n<title>Malartic Lagravi\u00e8re 2008 white - Ch\u00e2teau Malartic Lagravi\u00e8re<\/title>\n<meta name=\"description\" content=\"Want to know more about the 2008 Malartic Lagravi\u00e8re white ? Discover its composition, its harvest dates and the opinion of the press!\" \/>\n<meta name=\"robots\" content=\"index, follow, max-snippet:-1, max-image-preview:large, max-video-preview:-1\" \/>\n<link rel=\"canonical\" href=\"https:\/\/www.malartic-lagraviere.com\/en\/our-wines\/chateau-malartic-lagraviere\/malartic-white\/malartic-lagraviere-2008-white\/\" \/>\n<meta property=\"og:locale\" content=\"en_US\" \/>\n<meta property=\"og:type\" content=\"article\" \/>\n<meta property=\"og:title\" content=\"Malartic Lagravi\u00e8re 2008 white - Ch\u00e2teau Malartic Lagravi\u00e8re\" \/>\n<meta property=\"og:description\" content=\"Want to know more about the 2008 Malartic Lagravi\u00e8re white ? Discover its composition, its harvest dates and the opinion of the press!\" \/>\n<meta property=\"og:url\" content=\"https:\/\/www.malartic-lagraviere.com\/en\/our-wines\/chateau-malartic-lagraviere\/malartic-white\/malartic-lagraviere-2008-white\/\" \/>\n<meta property=\"og:site_name\" content=\"Malartic Lagravi\u00e8re\" \/>\n<meta property=\"article:publisher\" content=\"https:\/\/www.facebook.com\/Malartic.Lagraviere\/\" \/>\n<meta property=\"article:modified_time\" content=\"2023-01-13T16:17:35+00:00\" \/>\n<meta name=\"twitter:card\" content=\"summary_large_image\" \/>\n<script type=\"application\/ld+json\" class=\"yoast-schema-graph\">{\"@context\":\"https:\/\/schema.org\",\"@graph\":[{\"@type\":\"WebPage\",\"@id\":\"https:\/\/www.malartic-lagraviere.com\/en\/our-wines\/chateau-malartic-lagraviere\/malartic-white\/malartic-lagraviere-2008-white\/\",\"url\":\"https:\/\/www.malartic-lagraviere.com\/en\/our-wines\/chateau-malartic-lagraviere\/malartic-white\/malartic-lagraviere-2008-white\/\",\"name\":\"Malartic Lagravi\u00e8re 2008 white - Ch\u00e2teau Malartic Lagravi\u00e8re\",\"isPartOf\":{\"@id\":\"https:\/\/www.malartic-lagraviere.com\/en\/#website\"},\"datePublished\":\"2021-11-18T16:03:30+00:00\",\"dateModified\":\"2023-01-13T16:17:35+00:00\",\"description\":\"Want to know more about the 2008 Malartic Lagravi\u00e8re white ? Discover its composition, its harvest dates and the opinion of the press!\",\"breadcrumb\":{\"@id\":\"https:\/\/www.malartic-lagraviere.com\/en\/our-wines\/chateau-malartic-lagraviere\/malartic-white\/malartic-lagraviere-2008-white\/#breadcrumb\"},\"inLanguage\":\"en-US\",\"potentialAction\":[{\"@type\":\"ReadAction\",\"target\":[\"https:\/\/www.malartic-lagraviere.com\/en\/our-wines\/chateau-malartic-lagraviere\/malartic-white\/malartic-lagraviere-2008-white\/\"]}]},{\"@type\":\"BreadcrumbList\",\"@id\":\"https:\/\/www.malartic-lagraviere.com\/en\/our-wines\/chateau-malartic-lagraviere\/malartic-white\/malartic-lagraviere-2008-white\/#breadcrumb\",\"itemListElement\":[{\"@type\":\"ListItem\",\"position\":1,\"name\":\"Accueil\",\"item\":\"https:\/\/www.malartic-lagraviere.com\/en\/\"},{\"@type\":\"ListItem\",\"position\":2,\"name\":\"Our wines\",\"item\":\"https:\/\/www.malartic-lagraviere.com\/en\/our-wines\/\"},{\"@type\":\"ListItem\",\"position\":3,\"name\":\"Ch\u00e2teau Malartic-Lagravi\u00e8re\",\"item\":\"https:\/\/www.malartic-lagraviere.com\/en\/our-wines\/chateau-malartic-lagraviere\/\"},{\"@type\":\"ListItem\",\"position\":4,\"name\":\"Malartic white\",\"item\":\"https:\/\/www.malartic-lagraviere.com\/en\/our-wines\/chateau-malartic-lagraviere\/malartic-white\/\"},{\"@type\":\"ListItem\",\"position\":5,\"name\":\"Malartic Lagravi\u00e8re 2008 white\"}]},{\"@type\":\"WebSite\",\"@id\":\"https:\/\/www.malartic-lagraviere.com\/en\/#website\",\"url\":\"https:\/\/www.malartic-lagraviere.com\/en\/\",\"name\":\"Malartic Lagravi\u00e8re\",\"description\":\"Un site utilisant WordPress\",\"potentialAction\":[{\"@type\":\"SearchAction\",\"target\":{\"@type\":\"EntryPoint\",\"urlTemplate\":\"https:\/\/www.malartic-lagraviere.com\/en\/?s={search_term_string}\"},\"query-input\":{\"@type\":\"PropertyValueSpecification\",\"valueRequired\":true,\"valueName\":\"search_term_string\"}}],\"inLanguage\":\"en-US\"}]}<\/script>\n<!-- \/ Yoast SEO plugin. -->","yoast_head_json":{"title":"Malartic Lagravi\u00e8re 2008 white - Ch\u00e2teau Malartic Lagravi\u00e8re","description":"Want to know more about the 2008 Malartic Lagravi\u00e8re white ? Discover its composition, its harvest dates and the opinion of the press!","robots":{"index":"index","follow":"follow","max-snippet":"max-snippet:-1","max-image-preview":"max-image-preview:large","max-video-preview":"max-video-preview:-1"},"canonical":"https:\/\/www.malartic-lagraviere.com\/en\/our-wines\/chateau-malartic-lagraviere\/malartic-white\/malartic-lagraviere-2008-white\/","og_locale":"en_US","og_type":"article","og_title":"Malartic Lagravi\u00e8re 2008 white - Ch\u00e2teau Malartic Lagravi\u00e8re","og_description":"Want to know more about the 2008 Malartic Lagravi\u00e8re white ? Discover its composition, its harvest dates and the opinion of the press!","og_url":"https:\/\/www.malartic-lagraviere.com\/en\/our-wines\/chateau-malartic-lagraviere\/malartic-white\/malartic-lagraviere-2008-white\/","og_site_name":"Malartic Lagravi\u00e8re","article_publisher":"https:\/\/www.facebook.com\/Malartic.Lagraviere\/","article_modified_time":"2023-01-13T16:17:35+00:00","twitter_card":"summary_large_image","schema":{"@context":"https:\/\/schema.org","@graph":[{"@type":"WebPage","@id":"https:\/\/www.malartic-lagraviere.com\/en\/our-wines\/chateau-malartic-lagraviere\/malartic-white\/malartic-lagraviere-2008-white\/","url":"https:\/\/www.malartic-lagraviere.com\/en\/our-wines\/chateau-malartic-lagraviere\/malartic-white\/malartic-lagraviere-2008-white\/","name":"Malartic Lagravi\u00e8re 2008 white - Ch\u00e2teau Malartic Lagravi\u00e8re","isPartOf":{"@id":"https:\/\/www.malartic-lagraviere.com\/en\/#website"},"datePublished":"2021-11-18T16:03:30+00:00","dateModified":"2023-01-13T16:17:35+00:00","description":"Want to know more about the 2008 Malartic Lagravi\u00e8re white ? Discover its composition, its harvest dates and the opinion of the press!","breadcrumb":{"@id":"https:\/\/www.malartic-lagraviere.com\/en\/our-wines\/chateau-malartic-lagraviere\/malartic-white\/malartic-lagraviere-2008-white\/#breadcrumb"},"inLanguage":"en-US","potentialAction":[{"@type":"ReadAction","target":["https:\/\/www.malartic-lagraviere.com\/en\/our-wines\/chateau-malartic-lagraviere\/malartic-white\/malartic-lagraviere-2008-white\/"]}]},{"@type":"BreadcrumbList","@id":"https:\/\/www.malartic-lagraviere.com\/en\/our-wines\/chateau-malartic-lagraviere\/malartic-white\/malartic-lagraviere-2008-white\/#breadcrumb","itemListElement":[{"@type":"ListItem","position":1,"name":"Accueil","item":"https:\/\/www.malartic-lagraviere.com\/en\/"},{"@type":"ListItem","position":2,"name":"Our wines","item":"https:\/\/www.malartic-lagraviere.com\/en\/our-wines\/"},{"@type":"ListItem","position":3,"name":"Ch\u00e2teau Malartic-Lagravi\u00e8re","item":"https:\/\/www.malartic-lagraviere.com\/en\/our-wines\/chateau-malartic-lagraviere\/"},{"@type":"ListItem","position":4,"name":"Malartic white","item":"https:\/\/www.malartic-lagraviere.com\/en\/our-wines\/chateau-malartic-lagraviere\/malartic-white\/"},{"@type":"ListItem","position":5,"name":"Malartic Lagravi\u00e8re 2008 white"}]},{"@type":"WebSite","@id":"https:\/\/www.malartic-lagraviere.com\/en\/#website","url":"https:\/\/www.malartic-lagraviere.com\/en\/","name":"Malartic Lagravi\u00e8re","description":"Un site utilisant WordPress","potentialAction":[{"@type":"SearchAction","target":{"@type":"EntryPoint","urlTemplate":"https:\/\/www.malartic-lagraviere.com\/en\/?s={search_term_string}"},"query-input":{"@type":"PropertyValueSpecification","valueRequired":true,"valueName":"search_term_string"}}],"inLanguage":"en-US"}]}},"_links":{"self":[{"href":"https:\/\/www.malartic-lagraviere.com\/en\/wp-json\/wp\/v2\/pages\/3472"}],"collection":[{"href":"https:\/\/www.malartic-lagraviere.com\/en\/wp-json\/wp\/v2\/pages"}],"about":[{"href":"https:\/\/www.malartic-lagraviere.com\/en\/wp-json\/wp\/v2\/types\/page"}],"author":[{"embeddable":true,"href":"https:\/\/www.malartic-lagraviere.com\/en\/wp-json\/wp\/v2\/users\/1"}],"replies":[{"embeddable":true,"href":"https:\/\/www.malartic-lagraviere.com\/en\/wp-json\/wp\/v2\/comments?post=3472"}],"version-history":[{"count":3,"href":"https:\/\/www.malartic-lagraviere.com\/en\/wp-json\/wp\/v2\/pages\/3472\/revisions"}],"predecessor-version":[{"id":7070,"href":"https:\/\/www.malartic-lagraviere.com\/en\/wp-json\/wp\/v2\/pages\/3472\/revisions\/7070"}],"up":[{"embeddable":true,"href":"https:\/\/www.malartic-lagraviere.com\/en\/wp-json\/wp\/v2\/pages\/3394"}],"wp:attachment":[{"href":"https:\/\/www.malartic-lagraviere.com\/en\/wp-json\/wp\/v2\/media?parent=3472"}],"curies":[{"name":"wp","href":"https:\/\/api.w.org\/{rel}","templated":true}]}}