{"id":3579,"date":"2021-11-17T12:04:12","date_gmt":"2021-11-17T11:04:12","guid":{"rendered":"https:\/\/www.malartic-lagraviere.com\/our-wines\/le-comte-de-malartic\/le-comte-de-malartic-la-reserve-rouge\/"},"modified":"2021-12-15T15:40:01","modified_gmt":"2021-12-15T14:40:01","slug":"le-comte-de-malartic-la-reserve-rouge","status":"publish","type":"page","link":"https:\/\/www.malartic-lagraviere.com\/en\/our-wines\/le-comte-de-malartic\/le-comte-de-malartic-la-reserve-rouge\/","title":{"rendered":"Le comte de Malartic \/ La r\u00e9serve rouge"},"content":{"rendered":"","protected":false},"excerpt":{"rendered":"","protected":false},"author":1,"featured_media":0,"parent":2466,"menu_order":0,"comment_status":"closed","ping_status":"closed","template":"templates\/millesime.php","meta":{"_acf_changed":false,"inline_featured_image":false,"footnotes":""},"class_list":["post-3579","page","type-page","status-publish","hentry"],"acf":[],"yoast_head":"<!-- This site is optimized with the Yoast SEO plugin v25.6 - https:\/\/yoast.com\/wordpress\/plugins\/seo\/ -->\n<title>Le comte de Malartic \/ La r\u00e9serve rouge - Ch\u00e2teau Malartic Lagravi\u00e8re<\/title>\n<meta name=\"description\" content=\"Discover our second wines, just as elegant and gourmet. Don&#039;t wait any longer and find the right year for you!\" \/>\n<meta name=\"robots\" content=\"index, follow, max-snippet:-1, max-image-preview:large, max-video-preview:-1\" \/>\n<link rel=\"canonical\" href=\"https:\/\/www.malartic-lagraviere.com\/en\/our-wines\/le-comte-de-malartic\/le-comte-de-malartic-la-reserve-rouge\/\" \/>\n<meta property=\"og:locale\" content=\"en_US\" \/>\n<meta property=\"og:type\" content=\"article\" \/>\n<meta property=\"og:title\" content=\"Le comte de Malartic \/ La r\u00e9serve rouge - Ch\u00e2teau Malartic Lagravi\u00e8re\" \/>\n<meta property=\"og:description\" content=\"Discover our second wines, just as elegant and gourmet. Don&#039;t wait any longer and find the right year for you!\" \/>\n<meta property=\"og:url\" content=\"https:\/\/www.malartic-lagraviere.com\/en\/our-wines\/le-comte-de-malartic\/le-comte-de-malartic-la-reserve-rouge\/\" \/>\n<meta property=\"og:site_name\" content=\"Malartic Lagravi\u00e8re\" \/>\n<meta property=\"article:publisher\" content=\"https:\/\/www.facebook.com\/Malartic.Lagraviere\/\" \/>\n<meta property=\"article:modified_time\" content=\"2021-12-15T14:40:01+00:00\" \/>\n<meta name=\"twitter:card\" content=\"summary_large_image\" \/>\n<script type=\"application\/ld+json\" class=\"yoast-schema-graph\">{\"@context\":\"https:\/\/schema.org\",\"@graph\":[{\"@type\":\"WebPage\",\"@id\":\"https:\/\/www.malartic-lagraviere.com\/en\/our-wines\/le-comte-de-malartic\/le-comte-de-malartic-la-reserve-rouge\/\",\"url\":\"https:\/\/www.malartic-lagraviere.com\/en\/our-wines\/le-comte-de-malartic\/le-comte-de-malartic-la-reserve-rouge\/\",\"name\":\"Le comte de Malartic \/ La r\u00e9serve rouge - Ch\u00e2teau Malartic Lagravi\u00e8re\",\"isPartOf\":{\"@id\":\"https:\/\/www.malartic-lagraviere.com\/en\/#website\"},\"datePublished\":\"2021-11-17T11:04:12+00:00\",\"dateModified\":\"2021-12-15T14:40:01+00:00\",\"description\":\"Discover our second wines, just as elegant and gourmet. Don't wait any longer and find the right year for you!\",\"breadcrumb\":{\"@id\":\"https:\/\/www.malartic-lagraviere.com\/en\/our-wines\/le-comte-de-malartic\/le-comte-de-malartic-la-reserve-rouge\/#breadcrumb\"},\"inLanguage\":\"en-US\",\"potentialAction\":[{\"@type\":\"ReadAction\",\"target\":[\"https:\/\/www.malartic-lagraviere.com\/en\/our-wines\/le-comte-de-malartic\/le-comte-de-malartic-la-reserve-rouge\/\"]}]},{\"@type\":\"BreadcrumbList\",\"@id\":\"https:\/\/www.malartic-lagraviere.com\/en\/our-wines\/le-comte-de-malartic\/le-comte-de-malartic-la-reserve-rouge\/#breadcrumb\",\"itemListElement\":[{\"@type\":\"ListItem\",\"position\":1,\"name\":\"Accueil\",\"item\":\"https:\/\/www.malartic-lagraviere.com\/en\/\"},{\"@type\":\"ListItem\",\"position\":2,\"name\":\"Our wines\",\"item\":\"https:\/\/www.malartic-lagraviere.com\/en\/our-wines\/\"},{\"@type\":\"ListItem\",\"position\":3,\"name\":\"Le comte de Malartic\",\"item\":\"https:\/\/www.malartic-lagraviere.com\/en\/our-wines\/le-comte-de-malartic\/\"},{\"@type\":\"ListItem\",\"position\":4,\"name\":\"Le comte de Malartic \/ La r\u00e9serve rouge\"}]},{\"@type\":\"WebSite\",\"@id\":\"https:\/\/www.malartic-lagraviere.com\/en\/#website\",\"url\":\"https:\/\/www.malartic-lagraviere.com\/en\/\",\"name\":\"Malartic Lagravi\u00e8re\",\"description\":\"Un site utilisant WordPress\",\"potentialAction\":[{\"@type\":\"SearchAction\",\"target\":{\"@type\":\"EntryPoint\",\"urlTemplate\":\"https:\/\/www.malartic-lagraviere.com\/en\/?s={search_term_string}\"},\"query-input\":{\"@type\":\"PropertyValueSpecification\",\"valueRequired\":true,\"valueName\":\"search_term_string\"}}],\"inLanguage\":\"en-US\"}]}<\/script>\n<!-- \/ Yoast SEO plugin. -->","yoast_head_json":{"title":"Le comte de Malartic \/ La r\u00e9serve rouge - Ch\u00e2teau Malartic Lagravi\u00e8re","description":"Discover our second wines, just as elegant and gourmet. Don't wait any longer and find the right year for you!","robots":{"index":"index","follow":"follow","max-snippet":"max-snippet:-1","max-image-preview":"max-image-preview:large","max-video-preview":"max-video-preview:-1"},"canonical":"https:\/\/www.malartic-lagraviere.com\/en\/our-wines\/le-comte-de-malartic\/le-comte-de-malartic-la-reserve-rouge\/","og_locale":"en_US","og_type":"article","og_title":"Le comte de Malartic \/ La r\u00e9serve rouge - Ch\u00e2teau Malartic Lagravi\u00e8re","og_description":"Discover our second wines, just as elegant and gourmet. Don't wait any longer and find the right year for you!","og_url":"https:\/\/www.malartic-lagraviere.com\/en\/our-wines\/le-comte-de-malartic\/le-comte-de-malartic-la-reserve-rouge\/","og_site_name":"Malartic Lagravi\u00e8re","article_publisher":"https:\/\/www.facebook.com\/Malartic.Lagraviere\/","article_modified_time":"2021-12-15T14:40:01+00:00","twitter_card":"summary_large_image","schema":{"@context":"https:\/\/schema.org","@graph":[{"@type":"WebPage","@id":"https:\/\/www.malartic-lagraviere.com\/en\/our-wines\/le-comte-de-malartic\/le-comte-de-malartic-la-reserve-rouge\/","url":"https:\/\/www.malartic-lagraviere.com\/en\/our-wines\/le-comte-de-malartic\/le-comte-de-malartic-la-reserve-rouge\/","name":"Le comte de Malartic \/ La r\u00e9serve rouge - Ch\u00e2teau Malartic Lagravi\u00e8re","isPartOf":{"@id":"https:\/\/www.malartic-lagraviere.com\/en\/#website"},"datePublished":"2021-11-17T11:04:12+00:00","dateModified":"2021-12-15T14:40:01+00:00","description":"Discover our second wines, just as elegant and gourmet. Don't wait any longer and find the right year for you!","breadcrumb":{"@id":"https:\/\/www.malartic-lagraviere.com\/en\/our-wines\/le-comte-de-malartic\/le-comte-de-malartic-la-reserve-rouge\/#breadcrumb"},"inLanguage":"en-US","potentialAction":[{"@type":"ReadAction","target":["https:\/\/www.malartic-lagraviere.com\/en\/our-wines\/le-comte-de-malartic\/le-comte-de-malartic-la-reserve-rouge\/"]}]},{"@type":"BreadcrumbList","@id":"https:\/\/www.malartic-lagraviere.com\/en\/our-wines\/le-comte-de-malartic\/le-comte-de-malartic-la-reserve-rouge\/#breadcrumb","itemListElement":[{"@type":"ListItem","position":1,"name":"Accueil","item":"https:\/\/www.malartic-lagraviere.com\/en\/"},{"@type":"ListItem","position":2,"name":"Our wines","item":"https:\/\/www.malartic-lagraviere.com\/en\/our-wines\/"},{"@type":"ListItem","position":3,"name":"Le comte de Malartic","item":"https:\/\/www.malartic-lagraviere.com\/en\/our-wines\/le-comte-de-malartic\/"},{"@type":"ListItem","position":4,"name":"Le comte de Malartic \/ La r\u00e9serve rouge"}]},{"@type":"WebSite","@id":"https:\/\/www.malartic-lagraviere.com\/en\/#website","url":"https:\/\/www.malartic-lagraviere.com\/en\/","name":"Malartic Lagravi\u00e8re","description":"Un site utilisant WordPress","potentialAction":[{"@type":"SearchAction","target":{"@type":"EntryPoint","urlTemplate":"https:\/\/www.malartic-lagraviere.com\/en\/?s={search_term_string}"},"query-input":{"@type":"PropertyValueSpecification","valueRequired":true,"valueName":"search_term_string"}}],"inLanguage":"en-US"}]}},"_links":{"self":[{"href":"https:\/\/www.malartic-lagraviere.com\/en\/wp-json\/wp\/v2\/pages\/3579"}],"collection":[{"href":"https:\/\/www.malartic-lagraviere.com\/en\/wp-json\/wp\/v2\/pages"}],"about":[{"href":"https:\/\/www.malartic-lagraviere.com\/en\/wp-json\/wp\/v2\/types\/page"}],"author":[{"embeddable":true,"href":"https:\/\/www.malartic-lagraviere.com\/en\/wp-json\/wp\/v2\/users\/1"}],"replies":[{"embeddable":true,"href":"https:\/\/www.malartic-lagraviere.com\/en\/wp-json\/wp\/v2\/comments?post=3579"}],"version-history":[{"count":1,"href":"https:\/\/www.malartic-lagraviere.com\/en\/wp-json\/wp\/v2\/pages\/3579\/revisions"}],"predecessor-version":[{"id":3580,"href":"https:\/\/www.malartic-lagraviere.com\/en\/wp-json\/wp\/v2\/pages\/3579\/revisions\/3580"}],"up":[{"embeddable":true,"href":"https:\/\/www.malartic-lagraviere.com\/en\/wp-json\/wp\/v2\/pages\/2466"}],"wp:attachment":[{"href":"https:\/\/www.malartic-lagraviere.com\/en\/wp-json\/wp\/v2\/media?parent=3579"}],"curies":[{"name":"wp","href":"https:\/\/api.w.org\/{rel}","templated":true}]}}