{"id":4650,"date":"2022-03-22T16:15:10","date_gmt":"2022-03-22T15:15:10","guid":{"rendered":"https:\/\/www.malartic-lagraviere.com\/?page_id=4650"},"modified":"2024-08-01T16:19:21","modified_gmt":"2024-08-01T14:19:21","slug":"malartic-lagraviere-2021-red","status":"publish","type":"page","link":"https:\/\/www.malartic-lagraviere.com\/en\/our-wines\/chateau-malartic-lagraviere\/red-malartic\/malartic-lagraviere-2021-red\/","title":{"rendered":"Malartic Lagravi\u00e8re 2021 red"},"content":{"rendered":"","protected":false},"excerpt":{"rendered":"","protected":false},"author":1,"featured_media":5531,"parent":3208,"menu_order":2021,"comment_status":"closed","ping_status":"closed","template":"templates\/millesime.php","meta":{"_acf_changed":false,"inline_featured_image":false,"footnotes":""},"class_list":["post-4650","page","type-page","status-publish","has-post-thumbnail","hentry"],"acf":[],"yoast_head":"<!-- This site is optimized with the Yoast SEO plugin v25.6 - https:\/\/yoast.com\/wordpress\/plugins\/seo\/ -->\n<title>Red Malartic Lagravi\u00e8re 2021 - Ch\u00e2teau Malartic Lagravi\u00e8re<\/title>\n<meta name=\"description\" content=\"Want to know more about the Malartic Lagravi\u00e8re of the year 2021? Discover its composition, its harvest dates and the opinion of the press!\" \/>\n<meta name=\"robots\" content=\"index, follow, max-snippet:-1, max-image-preview:large, max-video-preview:-1\" \/>\n<link rel=\"canonical\" href=\"https:\/\/www.malartic-lagraviere.com\/en\/our-wines\/chateau-malartic-lagraviere\/red-malartic\/malartic-lagraviere-2021-red\/\" \/>\n<meta property=\"og:locale\" content=\"en_US\" \/>\n<meta property=\"og:type\" content=\"article\" \/>\n<meta property=\"og:title\" content=\"Red Malartic Lagravi\u00e8re 2021 - Ch\u00e2teau Malartic Lagravi\u00e8re\" \/>\n<meta property=\"og:description\" content=\"Want to know more about the Malartic Lagravi\u00e8re of the year 2021? Discover its composition, its harvest dates and the opinion of the press!\" \/>\n<meta property=\"og:url\" content=\"https:\/\/www.malartic-lagraviere.com\/en\/our-wines\/chateau-malartic-lagraviere\/red-malartic\/malartic-lagraviere-2021-red\/\" \/>\n<meta property=\"og:site_name\" content=\"Malartic Lagravi\u00e8re\" \/>\n<meta property=\"article:publisher\" content=\"https:\/\/www.facebook.com\/Malartic.Lagraviere\/\" \/>\n<meta property=\"article:modified_time\" content=\"2024-08-01T14:19:21+00:00\" \/>\n<meta name=\"twitter:card\" content=\"summary_large_image\" \/>\n<script type=\"application\/ld+json\" class=\"yoast-schema-graph\">{\"@context\":\"https:\/\/schema.org\",\"@graph\":[{\"@type\":\"WebPage\",\"@id\":\"https:\/\/www.malartic-lagraviere.com\/en\/our-wines\/chateau-malartic-lagraviere\/red-malartic\/malartic-lagraviere-2021-red\/\",\"url\":\"https:\/\/www.malartic-lagraviere.com\/en\/our-wines\/chateau-malartic-lagraviere\/red-malartic\/malartic-lagraviere-2021-red\/\",\"name\":\"Red Malartic Lagravi\u00e8re 2021 - Ch\u00e2teau Malartic Lagravi\u00e8re\",\"isPartOf\":{\"@id\":\"https:\/\/www.malartic-lagraviere.com\/en\/#website\"},\"primaryImageOfPage\":{\"@id\":\"https:\/\/www.malartic-lagraviere.com\/en\/our-wines\/chateau-malartic-lagraviere\/red-malartic\/malartic-lagraviere-2021-red\/#primaryimage\"},\"image\":{\"@id\":\"https:\/\/www.malartic-lagraviere.com\/en\/our-wines\/chateau-malartic-lagraviere\/red-malartic\/malartic-lagraviere-2021-red\/#primaryimage\"},\"thumbnailUrl\":\"https:\/\/www.malartic-lagraviere.com\/wp-content\/uploads\/2022\/05\/malartic-r-2021-capsule.png\",\"datePublished\":\"2022-03-22T15:15:10+00:00\",\"dateModified\":\"2024-08-01T14:19:21+00:00\",\"description\":\"Want to know more about the Malartic Lagravi\u00e8re of the year 2021? Discover its composition, its harvest dates and the opinion of the press!\",\"breadcrumb\":{\"@id\":\"https:\/\/www.malartic-lagraviere.com\/en\/our-wines\/chateau-malartic-lagraviere\/red-malartic\/malartic-lagraviere-2021-red\/#breadcrumb\"},\"inLanguage\":\"en-US\",\"potentialAction\":[{\"@type\":\"ReadAction\",\"target\":[\"https:\/\/www.malartic-lagraviere.com\/en\/our-wines\/chateau-malartic-lagraviere\/red-malartic\/malartic-lagraviere-2021-red\/\"]}]},{\"@type\":\"ImageObject\",\"inLanguage\":\"en-US\",\"@id\":\"https:\/\/www.malartic-lagraviere.com\/en\/our-wines\/chateau-malartic-lagraviere\/red-malartic\/malartic-lagraviere-2021-red\/#primaryimage\",\"url\":\"https:\/\/www.malartic-lagraviere.com\/wp-content\/uploads\/2022\/05\/malartic-r-2021-capsule.png\",\"contentUrl\":\"https:\/\/www.malartic-lagraviere.com\/wp-content\/uploads\/2022\/05\/malartic-r-2021-capsule.png\",\"width\":4035,\"height\":6782},{\"@type\":\"BreadcrumbList\",\"@id\":\"https:\/\/www.malartic-lagraviere.com\/en\/our-wines\/chateau-malartic-lagraviere\/red-malartic\/malartic-lagraviere-2021-red\/#breadcrumb\",\"itemListElement\":[{\"@type\":\"ListItem\",\"position\":1,\"name\":\"Accueil\",\"item\":\"https:\/\/www.malartic-lagraviere.com\/en\/\"},{\"@type\":\"ListItem\",\"position\":2,\"name\":\"Our wines\",\"item\":\"https:\/\/www.malartic-lagraviere.com\/en\/our-wines\/\"},{\"@type\":\"ListItem\",\"position\":3,\"name\":\"Ch\u00e2teau Malartic-Lagravi\u00e8re\",\"item\":\"https:\/\/www.malartic-lagraviere.com\/en\/our-wines\/chateau-malartic-lagraviere\/\"},{\"@type\":\"ListItem\",\"position\":4,\"name\":\"Red Malartic\",\"item\":\"https:\/\/www.malartic-lagraviere.com\/en\/our-wines\/chateau-malartic-lagraviere\/red-malartic\/\"},{\"@type\":\"ListItem\",\"position\":5,\"name\":\"Malartic Lagravi\u00e8re 2021 red\"}]},{\"@type\":\"WebSite\",\"@id\":\"https:\/\/www.malartic-lagraviere.com\/en\/#website\",\"url\":\"https:\/\/www.malartic-lagraviere.com\/en\/\",\"name\":\"Malartic Lagravi\u00e8re\",\"description\":\"Un site utilisant WordPress\",\"potentialAction\":[{\"@type\":\"SearchAction\",\"target\":{\"@type\":\"EntryPoint\",\"urlTemplate\":\"https:\/\/www.malartic-lagraviere.com\/en\/?s={search_term_string}\"},\"query-input\":{\"@type\":\"PropertyValueSpecification\",\"valueRequired\":true,\"valueName\":\"search_term_string\"}}],\"inLanguage\":\"en-US\"}]}<\/script>\n<!-- \/ Yoast SEO plugin. -->","yoast_head_json":{"title":"Red Malartic Lagravi\u00e8re 2021 - Ch\u00e2teau Malartic Lagravi\u00e8re","description":"Want to know more about the Malartic Lagravi\u00e8re of the year 2021? Discover its composition, its harvest dates and the opinion of the press!","robots":{"index":"index","follow":"follow","max-snippet":"max-snippet:-1","max-image-preview":"max-image-preview:large","max-video-preview":"max-video-preview:-1"},"canonical":"https:\/\/www.malartic-lagraviere.com\/en\/our-wines\/chateau-malartic-lagraviere\/red-malartic\/malartic-lagraviere-2021-red\/","og_locale":"en_US","og_type":"article","og_title":"Red Malartic Lagravi\u00e8re 2021 - Ch\u00e2teau Malartic Lagravi\u00e8re","og_description":"Want to know more about the Malartic Lagravi\u00e8re of the year 2021? Discover its composition, its harvest dates and the opinion of the press!","og_url":"https:\/\/www.malartic-lagraviere.com\/en\/our-wines\/chateau-malartic-lagraviere\/red-malartic\/malartic-lagraviere-2021-red\/","og_site_name":"Malartic Lagravi\u00e8re","article_publisher":"https:\/\/www.facebook.com\/Malartic.Lagraviere\/","article_modified_time":"2024-08-01T14:19:21+00:00","twitter_card":"summary_large_image","schema":{"@context":"https:\/\/schema.org","@graph":[{"@type":"WebPage","@id":"https:\/\/www.malartic-lagraviere.com\/en\/our-wines\/chateau-malartic-lagraviere\/red-malartic\/malartic-lagraviere-2021-red\/","url":"https:\/\/www.malartic-lagraviere.com\/en\/our-wines\/chateau-malartic-lagraviere\/red-malartic\/malartic-lagraviere-2021-red\/","name":"Red Malartic Lagravi\u00e8re 2021 - Ch\u00e2teau Malartic Lagravi\u00e8re","isPartOf":{"@id":"https:\/\/www.malartic-lagraviere.com\/en\/#website"},"primaryImageOfPage":{"@id":"https:\/\/www.malartic-lagraviere.com\/en\/our-wines\/chateau-malartic-lagraviere\/red-malartic\/malartic-lagraviere-2021-red\/#primaryimage"},"image":{"@id":"https:\/\/www.malartic-lagraviere.com\/en\/our-wines\/chateau-malartic-lagraviere\/red-malartic\/malartic-lagraviere-2021-red\/#primaryimage"},"thumbnailUrl":"https:\/\/www.malartic-lagraviere.com\/wp-content\/uploads\/2022\/05\/malartic-r-2021-capsule.png","datePublished":"2022-03-22T15:15:10+00:00","dateModified":"2024-08-01T14:19:21+00:00","description":"Want to know more about the Malartic Lagravi\u00e8re of the year 2021? Discover its composition, its harvest dates and the opinion of the press!","breadcrumb":{"@id":"https:\/\/www.malartic-lagraviere.com\/en\/our-wines\/chateau-malartic-lagraviere\/red-malartic\/malartic-lagraviere-2021-red\/#breadcrumb"},"inLanguage":"en-US","potentialAction":[{"@type":"ReadAction","target":["https:\/\/www.malartic-lagraviere.com\/en\/our-wines\/chateau-malartic-lagraviere\/red-malartic\/malartic-lagraviere-2021-red\/"]}]},{"@type":"ImageObject","inLanguage":"en-US","@id":"https:\/\/www.malartic-lagraviere.com\/en\/our-wines\/chateau-malartic-lagraviere\/red-malartic\/malartic-lagraviere-2021-red\/#primaryimage","url":"https:\/\/www.malartic-lagraviere.com\/wp-content\/uploads\/2022\/05\/malartic-r-2021-capsule.png","contentUrl":"https:\/\/www.malartic-lagraviere.com\/wp-content\/uploads\/2022\/05\/malartic-r-2021-capsule.png","width":4035,"height":6782},{"@type":"BreadcrumbList","@id":"https:\/\/www.malartic-lagraviere.com\/en\/our-wines\/chateau-malartic-lagraviere\/red-malartic\/malartic-lagraviere-2021-red\/#breadcrumb","itemListElement":[{"@type":"ListItem","position":1,"name":"Accueil","item":"https:\/\/www.malartic-lagraviere.com\/en\/"},{"@type":"ListItem","position":2,"name":"Our wines","item":"https:\/\/www.malartic-lagraviere.com\/en\/our-wines\/"},{"@type":"ListItem","position":3,"name":"Ch\u00e2teau Malartic-Lagravi\u00e8re","item":"https:\/\/www.malartic-lagraviere.com\/en\/our-wines\/chateau-malartic-lagraviere\/"},{"@type":"ListItem","position":4,"name":"Red Malartic","item":"https:\/\/www.malartic-lagraviere.com\/en\/our-wines\/chateau-malartic-lagraviere\/red-malartic\/"},{"@type":"ListItem","position":5,"name":"Malartic Lagravi\u00e8re 2021 red"}]},{"@type":"WebSite","@id":"https:\/\/www.malartic-lagraviere.com\/en\/#website","url":"https:\/\/www.malartic-lagraviere.com\/en\/","name":"Malartic Lagravi\u00e8re","description":"Un site utilisant WordPress","potentialAction":[{"@type":"SearchAction","target":{"@type":"EntryPoint","urlTemplate":"https:\/\/www.malartic-lagraviere.com\/en\/?s={search_term_string}"},"query-input":{"@type":"PropertyValueSpecification","valueRequired":true,"valueName":"search_term_string"}}],"inLanguage":"en-US"}]}},"_links":{"self":[{"href":"https:\/\/www.malartic-lagraviere.com\/en\/wp-json\/wp\/v2\/pages\/4650"}],"collection":[{"href":"https:\/\/www.malartic-lagraviere.com\/en\/wp-json\/wp\/v2\/pages"}],"about":[{"href":"https:\/\/www.malartic-lagraviere.com\/en\/wp-json\/wp\/v2\/types\/page"}],"author":[{"embeddable":true,"href":"https:\/\/www.malartic-lagraviere.com\/en\/wp-json\/wp\/v2\/users\/1"}],"replies":[{"embeddable":true,"href":"https:\/\/www.malartic-lagraviere.com\/en\/wp-json\/wp\/v2\/comments?post=4650"}],"version-history":[{"count":13,"href":"https:\/\/www.malartic-lagraviere.com\/en\/wp-json\/wp\/v2\/pages\/4650\/revisions"}],"predecessor-version":[{"id":12386,"href":"https:\/\/www.malartic-lagraviere.com\/en\/wp-json\/wp\/v2\/pages\/4650\/revisions\/12386"}],"up":[{"embeddable":true,"href":"https:\/\/www.malartic-lagraviere.com\/en\/wp-json\/wp\/v2\/pages\/3208"}],"wp:featuredmedia":[{"embeddable":true,"href":"https:\/\/www.malartic-lagraviere.com\/en\/wp-json\/wp\/v2\/media\/5531"}],"wp:attachment":[{"href":"https:\/\/www.malartic-lagraviere.com\/en\/wp-json\/wp\/v2\/media?parent=4650"}],"curies":[{"name":"wp","href":"https:\/\/api.w.org\/{rel}","templated":true}]}}