{"id":8465,"date":"2023-03-28T14:14:30","date_gmt":"2023-03-28T12:14:30","guid":{"rendered":"https:\/\/www.malartic-lagraviere.com\/recrutement\/"},"modified":"2023-05-04T12:32:52","modified_gmt":"2023-05-04T10:32:52","slug":"recrutement","status":"publish","type":"page","link":"https:\/\/www.malartic-lagraviere.com\/en\/recrutement\/","title":{"rendered":"Recrutement"},"content":{"rendered":"<p>All the teams at Ch\u00e2teau Malartic-Lagravi\u00e8re continue their efforts every day to follow a policy of quality and respect for the environment. With the support of highly qualified and committed technical teams, the Bonnie family determines the strategies to be applied in the vineyards and winemaking. Vintage after vintage, the wines of Ch\u00e2teaux Malartic-Lagravi\u00e8re brilliantly express the nobility and identity of their terroirs.<\/p>\n","protected":false},"excerpt":{"rendered":"<p>All the teams at Ch\u00e2teau Malartic-Lagravi\u00e8re continue their efforts every day to follow a policy of quality and respect for the environment. With the support of highly qualified and committed technical teams, the Bonnie family determines the strategies to be applied in the vineyards and winemaking. Vintage after vintage, the wines of Ch\u00e2teaux Malartic-Lagravi\u00e8re brilliantly [&hellip;]<\/p>\n","protected":false},"author":1,"featured_media":8346,"parent":0,"menu_order":0,"comment_status":"closed","ping_status":"closed","template":"templates\/recrutement.php","meta":{"_acf_changed":false,"inline_featured_image":false,"footnotes":""},"class_list":["post-8465","page","type-page","status-publish","has-post-thumbnail","hentry"],"acf":[],"yoast_head":"<!-- This site is optimized with the Yoast SEO plugin v25.6 - https:\/\/yoast.com\/wordpress\/plugins\/seo\/ -->\n<title>Recrutement - Malartic Lagravi\u00e8re<\/title>\n<meta name=\"robots\" content=\"index, follow, max-snippet:-1, max-image-preview:large, max-video-preview:-1\" \/>\n<link rel=\"canonical\" href=\"https:\/\/www.malartic-lagraviere.com\/en\/recrutement\/\" \/>\n<meta property=\"og:locale\" content=\"en_US\" \/>\n<meta property=\"og:type\" content=\"article\" \/>\n<meta property=\"og:title\" content=\"Recrutement - Malartic Lagravi\u00e8re\" \/>\n<meta property=\"og:description\" content=\"All the teams at Ch\u00e2teau Malartic-Lagravi\u00e8re continue their efforts every day to follow a policy of quality and respect for the environment. With the support of highly qualified and committed technical teams, the Bonnie family determines the strategies to be applied in the vineyards and winemaking. Vintage after vintage, the wines of Ch\u00e2teaux Malartic-Lagravi\u00e8re brilliantly [&hellip;]\" \/>\n<meta property=\"og:url\" content=\"https:\/\/www.malartic-lagraviere.com\/en\/recrutement\/\" \/>\n<meta property=\"og:site_name\" content=\"Malartic Lagravi\u00e8re\" \/>\n<meta property=\"article:publisher\" content=\"https:\/\/www.facebook.com\/Malartic.Lagraviere\/\" \/>\n<meta property=\"article:modified_time\" content=\"2023-05-04T10:32:52+00:00\" \/>\n<meta name=\"twitter:card\" content=\"summary_large_image\" \/>\n<script type=\"application\/ld+json\" class=\"yoast-schema-graph\">{\"@context\":\"https:\/\/schema.org\",\"@graph\":[{\"@type\":\"WebPage\",\"@id\":\"https:\/\/www.malartic-lagraviere.com\/en\/recrutement\/\",\"url\":\"https:\/\/www.malartic-lagraviere.com\/en\/recrutement\/\",\"name\":\"Recrutement - Malartic Lagravi\u00e8re\",\"isPartOf\":{\"@id\":\"https:\/\/www.malartic-lagraviere.com\/en\/#website\"},\"primaryImageOfPage\":{\"@id\":\"https:\/\/www.malartic-lagraviere.com\/en\/recrutement\/#primaryimage\"},\"image\":{\"@id\":\"https:\/\/www.malartic-lagraviere.com\/en\/recrutement\/#primaryimage\"},\"thumbnailUrl\":\"https:\/\/www.malartic-lagraviere.com\/wp-content\/uploads\/2023\/03\/2i4a353815x.jpg\",\"datePublished\":\"2023-03-28T12:14:30+00:00\",\"dateModified\":\"2023-05-04T10:32:52+00:00\",\"breadcrumb\":{\"@id\":\"https:\/\/www.malartic-lagraviere.com\/en\/recrutement\/#breadcrumb\"},\"inLanguage\":\"en-US\",\"potentialAction\":[{\"@type\":\"ReadAction\",\"target\":[\"https:\/\/www.malartic-lagraviere.com\/en\/recrutement\/\"]}]},{\"@type\":\"ImageObject\",\"inLanguage\":\"en-US\",\"@id\":\"https:\/\/www.malartic-lagraviere.com\/en\/recrutement\/#primaryimage\",\"url\":\"https:\/\/www.malartic-lagraviere.com\/wp-content\/uploads\/2023\/03\/2i4a353815x.jpg\",\"contentUrl\":\"https:\/\/www.malartic-lagraviere.com\/wp-content\/uploads\/2023\/03\/2i4a353815x.jpg\",\"width\":2049,\"height\":1049},{\"@type\":\"BreadcrumbList\",\"@id\":\"https:\/\/www.malartic-lagraviere.com\/en\/recrutement\/#breadcrumb\",\"itemListElement\":[{\"@type\":\"ListItem\",\"position\":1,\"name\":\"Accueil\",\"item\":\"https:\/\/www.malartic-lagraviere.com\/en\/\"},{\"@type\":\"ListItem\",\"position\":2,\"name\":\"Recrutement\"}]},{\"@type\":\"WebSite\",\"@id\":\"https:\/\/www.malartic-lagraviere.com\/en\/#website\",\"url\":\"https:\/\/www.malartic-lagraviere.com\/en\/\",\"name\":\"Malartic Lagravi\u00e8re\",\"description\":\"Un site utilisant WordPress\",\"potentialAction\":[{\"@type\":\"SearchAction\",\"target\":{\"@type\":\"EntryPoint\",\"urlTemplate\":\"https:\/\/www.malartic-lagraviere.com\/en\/?s={search_term_string}\"},\"query-input\":{\"@type\":\"PropertyValueSpecification\",\"valueRequired\":true,\"valueName\":\"search_term_string\"}}],\"inLanguage\":\"en-US\"}]}<\/script>\n<!-- \/ Yoast SEO plugin. -->","yoast_head_json":{"title":"Recrutement - Malartic Lagravi\u00e8re","robots":{"index":"index","follow":"follow","max-snippet":"max-snippet:-1","max-image-preview":"max-image-preview:large","max-video-preview":"max-video-preview:-1"},"canonical":"https:\/\/www.malartic-lagraviere.com\/en\/recrutement\/","og_locale":"en_US","og_type":"article","og_title":"Recrutement - Malartic Lagravi\u00e8re","og_description":"All the teams at Ch\u00e2teau Malartic-Lagravi\u00e8re continue their efforts every day to follow a policy of quality and respect for the environment. With the support of highly qualified and committed technical teams, the Bonnie family determines the strategies to be applied in the vineyards and winemaking. Vintage after vintage, the wines of Ch\u00e2teaux Malartic-Lagravi\u00e8re brilliantly [&hellip;]","og_url":"https:\/\/www.malartic-lagraviere.com\/en\/recrutement\/","og_site_name":"Malartic Lagravi\u00e8re","article_publisher":"https:\/\/www.facebook.com\/Malartic.Lagraviere\/","article_modified_time":"2023-05-04T10:32:52+00:00","twitter_card":"summary_large_image","schema":{"@context":"https:\/\/schema.org","@graph":[{"@type":"WebPage","@id":"https:\/\/www.malartic-lagraviere.com\/en\/recrutement\/","url":"https:\/\/www.malartic-lagraviere.com\/en\/recrutement\/","name":"Recrutement - Malartic Lagravi\u00e8re","isPartOf":{"@id":"https:\/\/www.malartic-lagraviere.com\/en\/#website"},"primaryImageOfPage":{"@id":"https:\/\/www.malartic-lagraviere.com\/en\/recrutement\/#primaryimage"},"image":{"@id":"https:\/\/www.malartic-lagraviere.com\/en\/recrutement\/#primaryimage"},"thumbnailUrl":"https:\/\/www.malartic-lagraviere.com\/wp-content\/uploads\/2023\/03\/2i4a353815x.jpg","datePublished":"2023-03-28T12:14:30+00:00","dateModified":"2023-05-04T10:32:52+00:00","breadcrumb":{"@id":"https:\/\/www.malartic-lagraviere.com\/en\/recrutement\/#breadcrumb"},"inLanguage":"en-US","potentialAction":[{"@type":"ReadAction","target":["https:\/\/www.malartic-lagraviere.com\/en\/recrutement\/"]}]},{"@type":"ImageObject","inLanguage":"en-US","@id":"https:\/\/www.malartic-lagraviere.com\/en\/recrutement\/#primaryimage","url":"https:\/\/www.malartic-lagraviere.com\/wp-content\/uploads\/2023\/03\/2i4a353815x.jpg","contentUrl":"https:\/\/www.malartic-lagraviere.com\/wp-content\/uploads\/2023\/03\/2i4a353815x.jpg","width":2049,"height":1049},{"@type":"BreadcrumbList","@id":"https:\/\/www.malartic-lagraviere.com\/en\/recrutement\/#breadcrumb","itemListElement":[{"@type":"ListItem","position":1,"name":"Accueil","item":"https:\/\/www.malartic-lagraviere.com\/en\/"},{"@type":"ListItem","position":2,"name":"Recrutement"}]},{"@type":"WebSite","@id":"https:\/\/www.malartic-lagraviere.com\/en\/#website","url":"https:\/\/www.malartic-lagraviere.com\/en\/","name":"Malartic Lagravi\u00e8re","description":"Un site utilisant WordPress","potentialAction":[{"@type":"SearchAction","target":{"@type":"EntryPoint","urlTemplate":"https:\/\/www.malartic-lagraviere.com\/en\/?s={search_term_string}"},"query-input":{"@type":"PropertyValueSpecification","valueRequired":true,"valueName":"search_term_string"}}],"inLanguage":"en-US"}]}},"_links":{"self":[{"href":"https:\/\/www.malartic-lagraviere.com\/en\/wp-json\/wp\/v2\/pages\/8465"}],"collection":[{"href":"https:\/\/www.malartic-lagraviere.com\/en\/wp-json\/wp\/v2\/pages"}],"about":[{"href":"https:\/\/www.malartic-lagraviere.com\/en\/wp-json\/wp\/v2\/types\/page"}],"author":[{"embeddable":true,"href":"https:\/\/www.malartic-lagraviere.com\/en\/wp-json\/wp\/v2\/users\/1"}],"replies":[{"embeddable":true,"href":"https:\/\/www.malartic-lagraviere.com\/en\/wp-json\/wp\/v2\/comments?post=8465"}],"version-history":[{"count":10,"href":"https:\/\/www.malartic-lagraviere.com\/en\/wp-json\/wp\/v2\/pages\/8465\/revisions"}],"predecessor-version":[{"id":8699,"href":"https:\/\/www.malartic-lagraviere.com\/en\/wp-json\/wp\/v2\/pages\/8465\/revisions\/8699"}],"wp:featuredmedia":[{"embeddable":true,"href":"https:\/\/www.malartic-lagraviere.com\/en\/wp-json\/wp\/v2\/media\/8346"}],"wp:attachment":[{"href":"https:\/\/www.malartic-lagraviere.com\/en\/wp-json\/wp\/v2\/media?parent=8465"}],"curies":[{"name":"wp","href":"https:\/\/api.w.org\/{rel}","templated":true}]}}