{"id":17601,"date":"2026-01-21T17:11:04","date_gmt":"2026-01-21T16:11:04","guid":{"rendered":"https:\/\/www.malartic-lagraviere.com\/?post_type=product&#038;p=17601"},"modified":"2026-01-28T11:23:28","modified_gmt":"2026-01-28T10:23:28","slug":"prestige-tasting-grand-cru-vertical-experience","status":"publish","type":"product","link":"https:\/\/www.malartic-lagraviere.com\/en\/produit\/prestige-tasting-grand-cru-vertical-experience\/","title":{"rendered":"Prestige Tasting \u2013 Grand Cru Vertical Experience"},"content":{"rendered":"","protected":false},"excerpt":{"rendered":"<p class=\"m_-4779071575455872375MsoPlainText\"><span lang=\"EN-US\">Enjoy a privileged moment at Ch\u00e2teau Malartic-Lagravi\u00e8re through a vertical tasting of several vintages of our <strong>Grand Cru<\/strong> <strong>Class\u00e9 red<\/strong>, complemented by the discovery of our <strong>Second Wine<\/strong> and our <strong>Grand Cru Class\u00e9 white<\/strong>.<u><\/u><u><\/u><\/span><\/p>\n<p class=\"m_-4779071575455872375MsoPlainText\"><span lang=\"EN-US\"><u><\/u>\u00a0<u><\/u><\/span><\/p>\n<p class=\"m_-4779071575455872375MsoPlainText\"><span lang=\"EN-US\">This exclusive experience begins with a private tour of the estate: the history of the property, an immersion in our cellar, a walk through the vineyards, and an introduction to our committed environmental approach. It continues with a guided tasting, a true oenological journey, revealing the expression of our terroir and the evolution of our wines across vintages.<u><\/u><u><\/u><\/span><\/p>\n<p class=\"m_-4779071575455872375MsoPlainText\"><span lang=\"EN-US\"><u><\/u>\u00a0<u><\/u><\/span><span lang=\"EN-US\">A confidential interlude, designed for discerning wine lovers and passionate enthusiasts in search of authentic sensory emotion.<u><\/u><u><\/u><\/span><\/p>\n<p class=\"m_-4779071575455872375MsoPlainText\"><span lang=\"EN-US\"><u><\/u>\u00a0<u><\/u><\/span><\/p>\n<h2 class=\"m_-4779071575455872375MsoPlainText\"><span lang=\"EN-US\">Practical Information<u><\/u><u><\/u><\/span><\/h2>\n<p class=\"m_-4779071575455872375MsoPlainText\"><span lang=\"EN-US\"><u><\/u>\u00a0<u><\/u><\/span><\/p>\n<p class=\"m_-4779071575455872375MsoPlainText\"><span lang=\"EN-US\"><strong>Duration<\/strong>: 1h30<u><\/u><u><\/u><\/span><\/p>\n<p class=\"m_-4779071575455872375MsoPlainText\"><span lang=\"EN-US\"><strong>Price<\/strong>: \u20ac115 per person (individual guests)\u00a0<\/span><\/p>\n<p class=\"m_-4779071575455872375MsoPlainText\"><span lang=\"EN-US\"><strong>Maximum capacity<\/strong>: 15 guests <\/span><\/p>\n<p class=\"m_-4779071575455872375MsoPlainText\"><span lang=\"EN-US\"><u><\/u>\u00a0<\/span><\/p>\n<p>&nbsp;<\/p>\n<p>&nbsp;<\/p>\n","protected":false},"featured_media":17607,"template":"","meta":{"_acf_changed":false,"inline_featured_image":false},"product_brand":[],"product_cat":[131],"product_tag":[],"class_list":{"0":"post-17601","1":"product","2":"type-product","3":"status-publish","4":"has-post-thumbnail","6":"product_cat-visite-en","8":"first","9":"instock","10":"virtual","11":"sold-individually","12":"purchasable","13":"product-type-booking"},"booking_location":"","booking_location_type":"","booking_duration":1,"booking_duration_unit":"hour","booking_buffer":0,"booking_cost":0,"booking_resources":[],"acf":[],"yoast_head":"<!-- This site is optimized with the Yoast SEO plugin v25.6 - https:\/\/yoast.com\/wordpress\/plugins\/seo\/ -->\n<title>Prestige Tasting \u2013 Grand Cru Vertical Experience - Malartic Lagravi\u00e8re<\/title>\n<meta name=\"robots\" content=\"index, follow, max-snippet:-1, max-image-preview:large, max-video-preview:-1\" \/>\n<link rel=\"canonical\" href=\"https:\/\/www.malartic-lagraviere.com\/en\/produit\/prestige-tasting-grand-cru-vertical-experience\/\" \/>\n<meta property=\"og:locale\" content=\"en_US\" \/>\n<meta property=\"og:type\" content=\"article\" \/>\n<meta property=\"og:title\" content=\"Prestige Tasting \u2013 Grand Cru Vertical Experience - Malartic Lagravi\u00e8re\" \/>\n<meta property=\"og:description\" content=\"Enjoy a privileged moment at Ch\u00e2teau Malartic-Lagravi\u00e8re through a vertical tasting of several vintages of our Grand Cru Class\u00e9 red, complemented by the discovery of our Second Wine and our Grand Cru Class\u00e9 white. \u00a0 This exclusive experience begins with a private tour of the estate: the history of the property, an immersion in our cellar, a walk through the vineyards, and an introduction to our committed environmental approach. It continues with a guided tasting, a true oenological journey, revealing the expression of our terroir and the evolution of our wines across vintages. \u00a0A confidential interlude, designed for discerning wine lovers and passionate enthusiasts in search of authentic sensory emotion. \u00a0  Practical Information \u00a0 Duration: 1h30 Price: \u20ac115 per person (individual guests)\u00a0 Maximum capacity: 15 guests  \u00a0 &nbsp;  &nbsp;\" \/>\n<meta property=\"og:url\" content=\"https:\/\/www.malartic-lagraviere.com\/en\/produit\/prestige-tasting-grand-cru-vertical-experience\/\" \/>\n<meta property=\"og:site_name\" content=\"Malartic Lagravi\u00e8re\" \/>\n<meta property=\"article:publisher\" content=\"https:\/\/www.facebook.com\/Malartic.Lagraviere\/\" \/>\n<meta property=\"article:modified_time\" content=\"2026-01-28T10:23:28+00:00\" \/>\n<meta property=\"og:image\" content=\"https:\/\/www.malartic-lagraviere.com\/wp-content\/uploads\/2026\/01\/degustation-prestige-malartic-scaled.jpg\" \/>\n\t<meta property=\"og:image:width\" content=\"1478\" \/>\n\t<meta property=\"og:image:height\" content=\"2048\" \/>\n\t<meta property=\"og:image:type\" content=\"image\/jpeg\" \/>\n<meta name=\"twitter:card\" content=\"summary_large_image\" \/>\n<script type=\"application\/ld+json\" class=\"yoast-schema-graph\">{\"@context\":\"https:\/\/schema.org\",\"@graph\":[{\"@type\":\"WebPage\",\"@id\":\"https:\/\/www.malartic-lagraviere.com\/en\/produit\/prestige-tasting-grand-cru-vertical-experience\/\",\"url\":\"https:\/\/www.malartic-lagraviere.com\/en\/produit\/prestige-tasting-grand-cru-vertical-experience\/\",\"name\":\"Prestige Tasting \u2013 Grand Cru Vertical Experience - Malartic Lagravi\u00e8re\",\"isPartOf\":{\"@id\":\"https:\/\/www.malartic-lagraviere.com\/en\/#website\"},\"primaryImageOfPage\":{\"@id\":\"https:\/\/www.malartic-lagraviere.com\/en\/produit\/prestige-tasting-grand-cru-vertical-experience\/#primaryimage\"},\"image\":{\"@id\":\"https:\/\/www.malartic-lagraviere.com\/en\/produit\/prestige-tasting-grand-cru-vertical-experience\/#primaryimage\"},\"thumbnailUrl\":\"https:\/\/www.malartic-lagraviere.com\/wp-content\/uploads\/2026\/01\/degustation-prestige-malartic-scaled.jpg\",\"datePublished\":\"2026-01-21T16:11:04+00:00\",\"dateModified\":\"2026-01-28T10:23:28+00:00\",\"breadcrumb\":{\"@id\":\"https:\/\/www.malartic-lagraviere.com\/en\/produit\/prestige-tasting-grand-cru-vertical-experience\/#breadcrumb\"},\"inLanguage\":\"en-US\",\"potentialAction\":[{\"@type\":\"ReadAction\",\"target\":[\"https:\/\/www.malartic-lagraviere.com\/en\/produit\/prestige-tasting-grand-cru-vertical-experience\/\"]}]},{\"@type\":\"ImageObject\",\"inLanguage\":\"en-US\",\"@id\":\"https:\/\/www.malartic-lagraviere.com\/en\/produit\/prestige-tasting-grand-cru-vertical-experience\/#primaryimage\",\"url\":\"https:\/\/www.malartic-lagraviere.com\/wp-content\/uploads\/2026\/01\/degustation-prestige-malartic-scaled.jpg\",\"contentUrl\":\"https:\/\/www.malartic-lagraviere.com\/wp-content\/uploads\/2026\/01\/degustation-prestige-malartic-scaled.jpg\",\"width\":1478,\"height\":2048},{\"@type\":\"BreadcrumbList\",\"@id\":\"https:\/\/www.malartic-lagraviere.com\/en\/produit\/prestige-tasting-grand-cru-vertical-experience\/#breadcrumb\",\"itemListElement\":[{\"@type\":\"ListItem\",\"position\":1,\"name\":\"Accueil\",\"item\":\"https:\/\/www.malartic-lagraviere.com\/en\/\"},{\"@type\":\"ListItem\",\"position\":2,\"name\":\"Shop\",\"item\":\"https:\/\/www.malartic-lagraviere.com\/en\/shop\/\"},{\"@type\":\"ListItem\",\"position\":3,\"name\":\"Prestige Tasting \u2013 Grand Cru Vertical Experience\"}]},{\"@type\":\"WebSite\",\"@id\":\"https:\/\/www.malartic-lagraviere.com\/en\/#website\",\"url\":\"https:\/\/www.malartic-lagraviere.com\/en\/\",\"name\":\"Malartic Lagravi\u00e8re\",\"description\":\"Un site utilisant WordPress\",\"potentialAction\":[{\"@type\":\"SearchAction\",\"target\":{\"@type\":\"EntryPoint\",\"urlTemplate\":\"https:\/\/www.malartic-lagraviere.com\/en\/?s={search_term_string}\"},\"query-input\":{\"@type\":\"PropertyValueSpecification\",\"valueRequired\":true,\"valueName\":\"search_term_string\"}}],\"inLanguage\":\"en-US\"}]}<\/script>\n<!-- \/ Yoast SEO plugin. -->","yoast_head_json":{"title":"Prestige Tasting \u2013 Grand Cru Vertical Experience - Malartic Lagravi\u00e8re","robots":{"index":"index","follow":"follow","max-snippet":"max-snippet:-1","max-image-preview":"max-image-preview:large","max-video-preview":"max-video-preview:-1"},"canonical":"https:\/\/www.malartic-lagraviere.com\/en\/produit\/prestige-tasting-grand-cru-vertical-experience\/","og_locale":"en_US","og_type":"article","og_title":"Prestige Tasting \u2013 Grand Cru Vertical Experience - Malartic Lagravi\u00e8re","og_description":"Enjoy a privileged moment at Ch\u00e2teau Malartic-Lagravi\u00e8re through a vertical tasting of several vintages of our Grand Cru Class\u00e9 red, complemented by the discovery of our Second Wine and our Grand Cru Class\u00e9 white. \u00a0 This exclusive experience begins with a private tour of the estate: the history of the property, an immersion in our cellar, a walk through the vineyards, and an introduction to our committed environmental approach. It continues with a guided tasting, a true oenological journey, revealing the expression of our terroir and the evolution of our wines across vintages. \u00a0A confidential interlude, designed for discerning wine lovers and passionate enthusiasts in search of authentic sensory emotion. \u00a0  Practical Information \u00a0 Duration: 1h30 Price: \u20ac115 per person (individual guests)\u00a0 Maximum capacity: 15 guests  \u00a0 &nbsp;  &nbsp;","og_url":"https:\/\/www.malartic-lagraviere.com\/en\/produit\/prestige-tasting-grand-cru-vertical-experience\/","og_site_name":"Malartic Lagravi\u00e8re","article_publisher":"https:\/\/www.facebook.com\/Malartic.Lagraviere\/","article_modified_time":"2026-01-28T10:23:28+00:00","og_image":[{"width":1478,"height":2048,"url":"https:\/\/www.malartic-lagraviere.com\/wp-content\/uploads\/2026\/01\/degustation-prestige-malartic-scaled.jpg","type":"image\/jpeg"}],"twitter_card":"summary_large_image","schema":{"@context":"https:\/\/schema.org","@graph":[{"@type":"WebPage","@id":"https:\/\/www.malartic-lagraviere.com\/en\/produit\/prestige-tasting-grand-cru-vertical-experience\/","url":"https:\/\/www.malartic-lagraviere.com\/en\/produit\/prestige-tasting-grand-cru-vertical-experience\/","name":"Prestige Tasting \u2013 Grand Cru Vertical Experience - Malartic Lagravi\u00e8re","isPartOf":{"@id":"https:\/\/www.malartic-lagraviere.com\/en\/#website"},"primaryImageOfPage":{"@id":"https:\/\/www.malartic-lagraviere.com\/en\/produit\/prestige-tasting-grand-cru-vertical-experience\/#primaryimage"},"image":{"@id":"https:\/\/www.malartic-lagraviere.com\/en\/produit\/prestige-tasting-grand-cru-vertical-experience\/#primaryimage"},"thumbnailUrl":"https:\/\/www.malartic-lagraviere.com\/wp-content\/uploads\/2026\/01\/degustation-prestige-malartic-scaled.jpg","datePublished":"2026-01-21T16:11:04+00:00","dateModified":"2026-01-28T10:23:28+00:00","breadcrumb":{"@id":"https:\/\/www.malartic-lagraviere.com\/en\/produit\/prestige-tasting-grand-cru-vertical-experience\/#breadcrumb"},"inLanguage":"en-US","potentialAction":[{"@type":"ReadAction","target":["https:\/\/www.malartic-lagraviere.com\/en\/produit\/prestige-tasting-grand-cru-vertical-experience\/"]}]},{"@type":"ImageObject","inLanguage":"en-US","@id":"https:\/\/www.malartic-lagraviere.com\/en\/produit\/prestige-tasting-grand-cru-vertical-experience\/#primaryimage","url":"https:\/\/www.malartic-lagraviere.com\/wp-content\/uploads\/2026\/01\/degustation-prestige-malartic-scaled.jpg","contentUrl":"https:\/\/www.malartic-lagraviere.com\/wp-content\/uploads\/2026\/01\/degustation-prestige-malartic-scaled.jpg","width":1478,"height":2048},{"@type":"BreadcrumbList","@id":"https:\/\/www.malartic-lagraviere.com\/en\/produit\/prestige-tasting-grand-cru-vertical-experience\/#breadcrumb","itemListElement":[{"@type":"ListItem","position":1,"name":"Accueil","item":"https:\/\/www.malartic-lagraviere.com\/en\/"},{"@type":"ListItem","position":2,"name":"Shop","item":"https:\/\/www.malartic-lagraviere.com\/en\/shop\/"},{"@type":"ListItem","position":3,"name":"Prestige Tasting \u2013 Grand Cru Vertical Experience"}]},{"@type":"WebSite","@id":"https:\/\/www.malartic-lagraviere.com\/en\/#website","url":"https:\/\/www.malartic-lagraviere.com\/en\/","name":"Malartic Lagravi\u00e8re","description":"Un site utilisant WordPress","potentialAction":[{"@type":"SearchAction","target":{"@type":"EntryPoint","urlTemplate":"https:\/\/www.malartic-lagraviere.com\/en\/?s={search_term_string}"},"query-input":{"@type":"PropertyValueSpecification","valueRequired":true,"valueName":"search_term_string"}}],"inLanguage":"en-US"}]}},"_links":{"self":[{"href":"https:\/\/www.malartic-lagraviere.com\/en\/wp-json\/wp\/v2\/product\/17601"}],"collection":[{"href":"https:\/\/www.malartic-lagraviere.com\/en\/wp-json\/wp\/v2\/product"}],"about":[{"href":"https:\/\/www.malartic-lagraviere.com\/en\/wp-json\/wp\/v2\/types\/product"}],"wp:featuredmedia":[{"embeddable":true,"href":"https:\/\/www.malartic-lagraviere.com\/en\/wp-json\/wp\/v2\/media\/17607"}],"wp:attachment":[{"href":"https:\/\/www.malartic-lagraviere.com\/en\/wp-json\/wp\/v2\/media?parent=17601"}],"wp:term":[{"taxonomy":"product_brand","embeddable":true,"href":"https:\/\/www.malartic-lagraviere.com\/en\/wp-json\/wp\/v2\/product_brand?post=17601"},{"taxonomy":"product_cat","embeddable":true,"href":"https:\/\/www.malartic-lagraviere.com\/en\/wp-json\/wp\/v2\/product_cat?post=17601"},{"taxonomy":"product_tag","embeddable":true,"href":"https:\/\/www.malartic-lagraviere.com\/en\/wp-json\/wp\/v2\/product_tag?post=17601"}],"curies":[{"name":"wp","href":"https:\/\/api.w.org\/{rel}","templated":true}]}}