{"id":3175,"date":"2021-12-09T16:44:15","date_gmt":"2021-12-14T13:39:38","guid":{"rendered":"https:\/\/www.malartic-lagraviere.com\/?post_type=product&#038;p=3175"},"modified":"2021-12-16T11:45:24","modified_gmt":"2021-12-16T10:45:24","slug":"set-of-6-engraved-glasses-lehmann","status":"publish","type":"product","link":"https:\/\/www.malartic-lagraviere.com\/en\/produit\/set-of-6-engraved-glasses-lehmann\/","title":{"rendered":"Set of 6 engraved glasses Lehmann"},"content":{"rendered":"","protected":false},"excerpt":{"rendered":"<p>6 Excellence glasses of 30 cl. Engraved with the famous Malartic-Lagravi\u00e8re boat. The shape and capacity are perfect for your table and to appreciate the wines, both red and white. Delivered in their original box, they are solid and elegant at the same time. Machine washable.<\/p>\n","protected":false},"featured_media":4075,"template":"","meta":{"_acf_changed":false,"inline_featured_image":false},"product_brand":[],"product_cat":[92],"product_tag":[],"class_list":{"0":"post-3175","1":"product","2":"type-product","3":"status-publish","4":"has-post-thumbnail","6":"product_cat-goodies","8":"first","9":"instock","10":"shipping-taxable","11":"purchasable","12":"product-type-simple"},"booking_location":null,"booking_location_type":null,"booking_duration":null,"booking_duration_unit":null,"booking_buffer":null,"booking_cost":null,"booking_resources":null,"acf":[],"yoast_head":"<!-- This site is optimized with the Yoast SEO plugin v25.6 - https:\/\/yoast.com\/wordpress\/plugins\/seo\/ -->\n<title>Engraved glasses (x6) - Ch\u00e2teau Malartic Lagravi\u00e8re<\/title>\n<meta name=\"description\" content=\"Discover our wine glasses engraved with the effigy of Ch\u00e2teau Malartic Lagravi\u00e8re. They are sold in packs of 6.\" \/>\n<meta name=\"robots\" content=\"index, follow, max-snippet:-1, max-image-preview:large, max-video-preview:-1\" \/>\n<link rel=\"canonical\" href=\"https:\/\/www.malartic-lagraviere.com\/en\/produit\/set-of-6-engraved-glasses-lehmann\/\" \/>\n<meta property=\"og:locale\" content=\"en_US\" \/>\n<meta property=\"og:type\" content=\"article\" \/>\n<meta property=\"og:title\" content=\"Engraved glasses (x6) - Ch\u00e2teau Malartic Lagravi\u00e8re\" \/>\n<meta property=\"og:description\" content=\"Discover our wine glasses engraved with the effigy of Ch\u00e2teau Malartic Lagravi\u00e8re. They are sold in packs of 6.\" \/>\n<meta property=\"og:url\" content=\"https:\/\/www.malartic-lagraviere.com\/en\/produit\/set-of-6-engraved-glasses-lehmann\/\" \/>\n<meta property=\"og:site_name\" content=\"Malartic Lagravi\u00e8re\" \/>\n<meta property=\"article:publisher\" content=\"https:\/\/www.facebook.com\/Malartic.Lagraviere\/\" \/>\n<meta property=\"article:modified_time\" content=\"2021-12-16T10:45:24+00:00\" \/>\n<meta property=\"og:image\" content=\"https:\/\/www.malartic-lagraviere.com\/wp-content\/uploads\/2021\/12\/verres-malartic.jpg\" \/>\n\t<meta property=\"og:image:width\" content=\"800\" \/>\n\t<meta property=\"og:image:height\" content=\"559\" \/>\n\t<meta property=\"og:image:type\" content=\"image\/jpeg\" \/>\n<meta name=\"twitter:card\" content=\"summary_large_image\" \/>\n<script type=\"application\/ld+json\" class=\"yoast-schema-graph\">{\"@context\":\"https:\/\/schema.org\",\"@graph\":[{\"@type\":\"WebPage\",\"@id\":\"https:\/\/www.malartic-lagraviere.com\/en\/produit\/set-of-6-engraved-glasses-lehmann\/\",\"url\":\"https:\/\/www.malartic-lagraviere.com\/en\/produit\/set-of-6-engraved-glasses-lehmann\/\",\"name\":\"Engraved glasses (x6) - Ch\u00e2teau Malartic Lagravi\u00e8re\",\"isPartOf\":{\"@id\":\"https:\/\/www.malartic-lagraviere.com\/en\/#website\"},\"primaryImageOfPage\":{\"@id\":\"https:\/\/www.malartic-lagraviere.com\/en\/produit\/set-of-6-engraved-glasses-lehmann\/#primaryimage\"},\"image\":{\"@id\":\"https:\/\/www.malartic-lagraviere.com\/en\/produit\/set-of-6-engraved-glasses-lehmann\/#primaryimage\"},\"thumbnailUrl\":\"https:\/\/www.malartic-lagraviere.com\/wp-content\/uploads\/2021\/12\/verres-malartic.jpg\",\"datePublished\":\"2021-12-14T13:39:38+00:00\",\"dateModified\":\"2021-12-16T10:45:24+00:00\",\"description\":\"Discover our wine glasses engraved with the effigy of Ch\u00e2teau Malartic Lagravi\u00e8re. They are sold in packs of 6.\",\"breadcrumb\":{\"@id\":\"https:\/\/www.malartic-lagraviere.com\/en\/produit\/set-of-6-engraved-glasses-lehmann\/#breadcrumb\"},\"inLanguage\":\"en-US\",\"potentialAction\":[{\"@type\":\"ReadAction\",\"target\":[\"https:\/\/www.malartic-lagraviere.com\/en\/produit\/set-of-6-engraved-glasses-lehmann\/\"]}]},{\"@type\":\"ImageObject\",\"inLanguage\":\"en-US\",\"@id\":\"https:\/\/www.malartic-lagraviere.com\/en\/produit\/set-of-6-engraved-glasses-lehmann\/#primaryimage\",\"url\":\"https:\/\/www.malartic-lagraviere.com\/wp-content\/uploads\/2021\/12\/verres-malartic.jpg\",\"contentUrl\":\"https:\/\/www.malartic-lagraviere.com\/wp-content\/uploads\/2021\/12\/verres-malartic.jpg\",\"width\":800,\"height\":559},{\"@type\":\"BreadcrumbList\",\"@id\":\"https:\/\/www.malartic-lagraviere.com\/en\/produit\/set-of-6-engraved-glasses-lehmann\/#breadcrumb\",\"itemListElement\":[{\"@type\":\"ListItem\",\"position\":1,\"name\":\"Accueil\",\"item\":\"https:\/\/www.malartic-lagraviere.com\/en\/\"},{\"@type\":\"ListItem\",\"position\":2,\"name\":\"Shop\",\"item\":\"https:\/\/www.malartic-lagraviere.com\/en\/shop\/\"},{\"@type\":\"ListItem\",\"position\":3,\"name\":\"Set of 6 engraved glasses Lehmann\"}]},{\"@type\":\"WebSite\",\"@id\":\"https:\/\/www.malartic-lagraviere.com\/en\/#website\",\"url\":\"https:\/\/www.malartic-lagraviere.com\/en\/\",\"name\":\"Malartic Lagravi\u00e8re\",\"description\":\"Un site utilisant WordPress\",\"potentialAction\":[{\"@type\":\"SearchAction\",\"target\":{\"@type\":\"EntryPoint\",\"urlTemplate\":\"https:\/\/www.malartic-lagraviere.com\/en\/?s={search_term_string}\"},\"query-input\":{\"@type\":\"PropertyValueSpecification\",\"valueRequired\":true,\"valueName\":\"search_term_string\"}}],\"inLanguage\":\"en-US\"}]}<\/script>\n<!-- \/ Yoast SEO plugin. -->","yoast_head_json":{"title":"Engraved glasses (x6) - Ch\u00e2teau Malartic Lagravi\u00e8re","description":"Discover our wine glasses engraved with the effigy of Ch\u00e2teau Malartic Lagravi\u00e8re. They are sold in packs of 6.","robots":{"index":"index","follow":"follow","max-snippet":"max-snippet:-1","max-image-preview":"max-image-preview:large","max-video-preview":"max-video-preview:-1"},"canonical":"https:\/\/www.malartic-lagraviere.com\/en\/produit\/set-of-6-engraved-glasses-lehmann\/","og_locale":"en_US","og_type":"article","og_title":"Engraved glasses (x6) - Ch\u00e2teau Malartic Lagravi\u00e8re","og_description":"Discover our wine glasses engraved with the effigy of Ch\u00e2teau Malartic Lagravi\u00e8re. They are sold in packs of 6.","og_url":"https:\/\/www.malartic-lagraviere.com\/en\/produit\/set-of-6-engraved-glasses-lehmann\/","og_site_name":"Malartic Lagravi\u00e8re","article_publisher":"https:\/\/www.facebook.com\/Malartic.Lagraviere\/","article_modified_time":"2021-12-16T10:45:24+00:00","og_image":[{"width":800,"height":559,"url":"https:\/\/www.malartic-lagraviere.com\/wp-content\/uploads\/2021\/12\/verres-malartic.jpg","type":"image\/jpeg"}],"twitter_card":"summary_large_image","schema":{"@context":"https:\/\/schema.org","@graph":[{"@type":"WebPage","@id":"https:\/\/www.malartic-lagraviere.com\/en\/produit\/set-of-6-engraved-glasses-lehmann\/","url":"https:\/\/www.malartic-lagraviere.com\/en\/produit\/set-of-6-engraved-glasses-lehmann\/","name":"Engraved glasses (x6) - Ch\u00e2teau Malartic Lagravi\u00e8re","isPartOf":{"@id":"https:\/\/www.malartic-lagraviere.com\/en\/#website"},"primaryImageOfPage":{"@id":"https:\/\/www.malartic-lagraviere.com\/en\/produit\/set-of-6-engraved-glasses-lehmann\/#primaryimage"},"image":{"@id":"https:\/\/www.malartic-lagraviere.com\/en\/produit\/set-of-6-engraved-glasses-lehmann\/#primaryimage"},"thumbnailUrl":"https:\/\/www.malartic-lagraviere.com\/wp-content\/uploads\/2021\/12\/verres-malartic.jpg","datePublished":"2021-12-14T13:39:38+00:00","dateModified":"2021-12-16T10:45:24+00:00","description":"Discover our wine glasses engraved with the effigy of Ch\u00e2teau Malartic Lagravi\u00e8re. They are sold in packs of 6.","breadcrumb":{"@id":"https:\/\/www.malartic-lagraviere.com\/en\/produit\/set-of-6-engraved-glasses-lehmann\/#breadcrumb"},"inLanguage":"en-US","potentialAction":[{"@type":"ReadAction","target":["https:\/\/www.malartic-lagraviere.com\/en\/produit\/set-of-6-engraved-glasses-lehmann\/"]}]},{"@type":"ImageObject","inLanguage":"en-US","@id":"https:\/\/www.malartic-lagraviere.com\/en\/produit\/set-of-6-engraved-glasses-lehmann\/#primaryimage","url":"https:\/\/www.malartic-lagraviere.com\/wp-content\/uploads\/2021\/12\/verres-malartic.jpg","contentUrl":"https:\/\/www.malartic-lagraviere.com\/wp-content\/uploads\/2021\/12\/verres-malartic.jpg","width":800,"height":559},{"@type":"BreadcrumbList","@id":"https:\/\/www.malartic-lagraviere.com\/en\/produit\/set-of-6-engraved-glasses-lehmann\/#breadcrumb","itemListElement":[{"@type":"ListItem","position":1,"name":"Accueil","item":"https:\/\/www.malartic-lagraviere.com\/en\/"},{"@type":"ListItem","position":2,"name":"Shop","item":"https:\/\/www.malartic-lagraviere.com\/en\/shop\/"},{"@type":"ListItem","position":3,"name":"Set of 6 engraved glasses Lehmann"}]},{"@type":"WebSite","@id":"https:\/\/www.malartic-lagraviere.com\/en\/#website","url":"https:\/\/www.malartic-lagraviere.com\/en\/","name":"Malartic Lagravi\u00e8re","description":"Un site utilisant WordPress","potentialAction":[{"@type":"SearchAction","target":{"@type":"EntryPoint","urlTemplate":"https:\/\/www.malartic-lagraviere.com\/en\/?s={search_term_string}"},"query-input":{"@type":"PropertyValueSpecification","valueRequired":true,"valueName":"search_term_string"}}],"inLanguage":"en-US"}]}},"_links":{"self":[{"href":"https:\/\/www.malartic-lagraviere.com\/en\/wp-json\/wp\/v2\/product\/3175"}],"collection":[{"href":"https:\/\/www.malartic-lagraviere.com\/en\/wp-json\/wp\/v2\/product"}],"about":[{"href":"https:\/\/www.malartic-lagraviere.com\/en\/wp-json\/wp\/v2\/types\/product"}],"wp:featuredmedia":[{"embeddable":true,"href":"https:\/\/www.malartic-lagraviere.com\/en\/wp-json\/wp\/v2\/media\/4075"}],"wp:attachment":[{"href":"https:\/\/www.malartic-lagraviere.com\/en\/wp-json\/wp\/v2\/media?parent=3175"}],"wp:term":[{"taxonomy":"product_brand","embeddable":true,"href":"https:\/\/www.malartic-lagraviere.com\/en\/wp-json\/wp\/v2\/product_brand?post=3175"},{"taxonomy":"product_cat","embeddable":true,"href":"https:\/\/www.malartic-lagraviere.com\/en\/wp-json\/wp\/v2\/product_cat?post=3175"},{"taxonomy":"product_tag","embeddable":true,"href":"https:\/\/www.malartic-lagraviere.com\/en\/wp-json\/wp\/v2\/product_tag?post=3175"}],"curies":[{"name":"wp","href":"https:\/\/api.w.org\/{rel}","templated":true}]}}