{"id":3774,"date":"2021-11-17T15:15:07","date_gmt":"2021-11-17T14:15:07","guid":{"rendered":"https:\/\/www.malartic-lagraviere.com\/produit\/carafe-gravee\/"},"modified":"2025-11-04T16:09:35","modified_gmt":"2025-11-04T15:09:35","slug":"engraved-carafe","status":"publish","type":"product","link":"https:\/\/www.malartic-lagraviere.com\/en\/produit\/engraved-carafe\/","title":{"rendered":"Wine decanter"},"content":{"rendered":"","protected":false},"excerpt":{"rendered":"<p>Sydonios l&#8217;Esth\u00e8te decanter made of mouth-blown crystal by master glassmakers in the Bohemia region, engraved with the famous three matrices of Ch\u00e2teau Malartic-Lagravi\u00e8re. A unique decanter due to its finesse and extreme lightness. The perfect proportions of the l&#8217;Esth\u00e8te decanter offer an ideal contact surface for structured and powerful wines.<\/p>\n<p>Subject to stock availability.<\/p>\n","protected":false},"featured_media":4514,"template":"","meta":{"_acf_changed":false,"inline_featured_image":false},"product_brand":[],"product_cat":[92],"product_tag":[],"class_list":{"0":"post-3774","1":"product","2":"type-product","3":"status-publish","4":"has-post-thumbnail","6":"product_cat-goodies","8":"first","9":"instock","10":"shipping-taxable","11":"purchasable","12":"product-type-simple"},"booking_location":null,"booking_location_type":null,"booking_duration":null,"booking_duration_unit":null,"booking_buffer":null,"booking_cost":null,"booking_resources":null,"acf":[],"yoast_head":"<!-- This site is optimized with the Yoast SEO plugin v25.6 - https:\/\/yoast.com\/wordpress\/plugins\/seo\/ -->\n<title>Engraved carafe - Ch\u00e2teau Malartic Lagravi\u00e8re<\/title>\n<meta name=\"description\" content=\"Do you want or need a wine decanter? Come and discover our wine decanter engraved with Ch\u00e2teau Malartic Lagravi\u00e8re !\" \/>\n<meta name=\"robots\" content=\"index, follow, max-snippet:-1, max-image-preview:large, max-video-preview:-1\" \/>\n<link rel=\"canonical\" href=\"https:\/\/www.malartic-lagraviere.com\/en\/produit\/engraved-carafe\/\" \/>\n<meta property=\"og:locale\" content=\"en_US\" \/>\n<meta property=\"og:type\" content=\"article\" \/>\n<meta property=\"og:title\" content=\"Engraved carafe - Ch\u00e2teau Malartic Lagravi\u00e8re\" \/>\n<meta property=\"og:description\" content=\"Do you want or need a wine decanter? Come and discover our wine decanter engraved with Ch\u00e2teau Malartic Lagravi\u00e8re !\" \/>\n<meta property=\"og:url\" content=\"https:\/\/www.malartic-lagraviere.com\/en\/produit\/engraved-carafe\/\" \/>\n<meta property=\"og:site_name\" content=\"Malartic Lagravi\u00e8re\" \/>\n<meta property=\"article:publisher\" content=\"https:\/\/www.facebook.com\/Malartic.Lagraviere\/\" \/>\n<meta property=\"article:modified_time\" content=\"2025-11-04T15:09:35+00:00\" \/>\n<meta property=\"og:image\" content=\"https:\/\/www.malartic-lagraviere.com\/wp-content\/uploads\/2021\/11\/carafe.jpg\" \/>\n\t<meta property=\"og:image:width\" content=\"800\" \/>\n\t<meta property=\"og:image:height\" content=\"1200\" \/>\n\t<meta property=\"og:image:type\" content=\"image\/jpeg\" \/>\n<meta name=\"twitter:card\" content=\"summary_large_image\" \/>\n<script type=\"application\/ld+json\" class=\"yoast-schema-graph\">{\"@context\":\"https:\/\/schema.org\",\"@graph\":[{\"@type\":\"WebPage\",\"@id\":\"https:\/\/www.malartic-lagraviere.com\/en\/produit\/engraved-carafe\/\",\"url\":\"https:\/\/www.malartic-lagraviere.com\/en\/produit\/engraved-carafe\/\",\"name\":\"Engraved carafe - Ch\u00e2teau Malartic Lagravi\u00e8re\",\"isPartOf\":{\"@id\":\"https:\/\/www.malartic-lagraviere.com\/en\/#website\"},\"primaryImageOfPage\":{\"@id\":\"https:\/\/www.malartic-lagraviere.com\/en\/produit\/engraved-carafe\/#primaryimage\"},\"image\":{\"@id\":\"https:\/\/www.malartic-lagraviere.com\/en\/produit\/engraved-carafe\/#primaryimage\"},\"thumbnailUrl\":\"https:\/\/www.malartic-lagraviere.com\/wp-content\/uploads\/2021\/11\/carafe.jpg\",\"datePublished\":\"2021-11-17T14:15:07+00:00\",\"dateModified\":\"2025-11-04T15:09:35+00:00\",\"description\":\"Do you want or need a wine decanter? Come and discover our wine decanter engraved with Ch\u00e2teau Malartic Lagravi\u00e8re !\",\"breadcrumb\":{\"@id\":\"https:\/\/www.malartic-lagraviere.com\/en\/produit\/engraved-carafe\/#breadcrumb\"},\"inLanguage\":\"en-US\",\"potentialAction\":[{\"@type\":\"ReadAction\",\"target\":[\"https:\/\/www.malartic-lagraviere.com\/en\/produit\/engraved-carafe\/\"]}]},{\"@type\":\"ImageObject\",\"inLanguage\":\"en-US\",\"@id\":\"https:\/\/www.malartic-lagraviere.com\/en\/produit\/engraved-carafe\/#primaryimage\",\"url\":\"https:\/\/www.malartic-lagraviere.com\/wp-content\/uploads\/2021\/11\/carafe.jpg\",\"contentUrl\":\"https:\/\/www.malartic-lagraviere.com\/wp-content\/uploads\/2021\/11\/carafe.jpg\",\"width\":800,\"height\":1200},{\"@type\":\"BreadcrumbList\",\"@id\":\"https:\/\/www.malartic-lagraviere.com\/en\/produit\/engraved-carafe\/#breadcrumb\",\"itemListElement\":[{\"@type\":\"ListItem\",\"position\":1,\"name\":\"Accueil\",\"item\":\"https:\/\/www.malartic-lagraviere.com\/en\/\"},{\"@type\":\"ListItem\",\"position\":2,\"name\":\"Shop\",\"item\":\"https:\/\/www.malartic-lagraviere.com\/en\/shop\/\"},{\"@type\":\"ListItem\",\"position\":3,\"name\":\"Wine decanter\"}]},{\"@type\":\"WebSite\",\"@id\":\"https:\/\/www.malartic-lagraviere.com\/en\/#website\",\"url\":\"https:\/\/www.malartic-lagraviere.com\/en\/\",\"name\":\"Malartic Lagravi\u00e8re\",\"description\":\"Un site utilisant WordPress\",\"potentialAction\":[{\"@type\":\"SearchAction\",\"target\":{\"@type\":\"EntryPoint\",\"urlTemplate\":\"https:\/\/www.malartic-lagraviere.com\/en\/?s={search_term_string}\"},\"query-input\":{\"@type\":\"PropertyValueSpecification\",\"valueRequired\":true,\"valueName\":\"search_term_string\"}}],\"inLanguage\":\"en-US\"}]}<\/script>\n<!-- \/ Yoast SEO plugin. -->","yoast_head_json":{"title":"Engraved carafe - Ch\u00e2teau Malartic Lagravi\u00e8re","description":"Do you want or need a wine decanter? Come and discover our wine decanter engraved with Ch\u00e2teau Malartic Lagravi\u00e8re !","robots":{"index":"index","follow":"follow","max-snippet":"max-snippet:-1","max-image-preview":"max-image-preview:large","max-video-preview":"max-video-preview:-1"},"canonical":"https:\/\/www.malartic-lagraviere.com\/en\/produit\/engraved-carafe\/","og_locale":"en_US","og_type":"article","og_title":"Engraved carafe - Ch\u00e2teau Malartic Lagravi\u00e8re","og_description":"Do you want or need a wine decanter? Come and discover our wine decanter engraved with Ch\u00e2teau Malartic Lagravi\u00e8re !","og_url":"https:\/\/www.malartic-lagraviere.com\/en\/produit\/engraved-carafe\/","og_site_name":"Malartic Lagravi\u00e8re","article_publisher":"https:\/\/www.facebook.com\/Malartic.Lagraviere\/","article_modified_time":"2025-11-04T15:09:35+00:00","og_image":[{"width":800,"height":1200,"url":"https:\/\/www.malartic-lagraviere.com\/wp-content\/uploads\/2021\/11\/carafe.jpg","type":"image\/jpeg"}],"twitter_card":"summary_large_image","schema":{"@context":"https:\/\/schema.org","@graph":[{"@type":"WebPage","@id":"https:\/\/www.malartic-lagraviere.com\/en\/produit\/engraved-carafe\/","url":"https:\/\/www.malartic-lagraviere.com\/en\/produit\/engraved-carafe\/","name":"Engraved carafe - Ch\u00e2teau Malartic Lagravi\u00e8re","isPartOf":{"@id":"https:\/\/www.malartic-lagraviere.com\/en\/#website"},"primaryImageOfPage":{"@id":"https:\/\/www.malartic-lagraviere.com\/en\/produit\/engraved-carafe\/#primaryimage"},"image":{"@id":"https:\/\/www.malartic-lagraviere.com\/en\/produit\/engraved-carafe\/#primaryimage"},"thumbnailUrl":"https:\/\/www.malartic-lagraviere.com\/wp-content\/uploads\/2021\/11\/carafe.jpg","datePublished":"2021-11-17T14:15:07+00:00","dateModified":"2025-11-04T15:09:35+00:00","description":"Do you want or need a wine decanter? Come and discover our wine decanter engraved with Ch\u00e2teau Malartic Lagravi\u00e8re !","breadcrumb":{"@id":"https:\/\/www.malartic-lagraviere.com\/en\/produit\/engraved-carafe\/#breadcrumb"},"inLanguage":"en-US","potentialAction":[{"@type":"ReadAction","target":["https:\/\/www.malartic-lagraviere.com\/en\/produit\/engraved-carafe\/"]}]},{"@type":"ImageObject","inLanguage":"en-US","@id":"https:\/\/www.malartic-lagraviere.com\/en\/produit\/engraved-carafe\/#primaryimage","url":"https:\/\/www.malartic-lagraviere.com\/wp-content\/uploads\/2021\/11\/carafe.jpg","contentUrl":"https:\/\/www.malartic-lagraviere.com\/wp-content\/uploads\/2021\/11\/carafe.jpg","width":800,"height":1200},{"@type":"BreadcrumbList","@id":"https:\/\/www.malartic-lagraviere.com\/en\/produit\/engraved-carafe\/#breadcrumb","itemListElement":[{"@type":"ListItem","position":1,"name":"Accueil","item":"https:\/\/www.malartic-lagraviere.com\/en\/"},{"@type":"ListItem","position":2,"name":"Shop","item":"https:\/\/www.malartic-lagraviere.com\/en\/shop\/"},{"@type":"ListItem","position":3,"name":"Wine decanter"}]},{"@type":"WebSite","@id":"https:\/\/www.malartic-lagraviere.com\/en\/#website","url":"https:\/\/www.malartic-lagraviere.com\/en\/","name":"Malartic Lagravi\u00e8re","description":"Un site utilisant WordPress","potentialAction":[{"@type":"SearchAction","target":{"@type":"EntryPoint","urlTemplate":"https:\/\/www.malartic-lagraviere.com\/en\/?s={search_term_string}"},"query-input":{"@type":"PropertyValueSpecification","valueRequired":true,"valueName":"search_term_string"}}],"inLanguage":"en-US"}]}},"_links":{"self":[{"href":"https:\/\/www.malartic-lagraviere.com\/en\/wp-json\/wp\/v2\/product\/3774"}],"collection":[{"href":"https:\/\/www.malartic-lagraviere.com\/en\/wp-json\/wp\/v2\/product"}],"about":[{"href":"https:\/\/www.malartic-lagraviere.com\/en\/wp-json\/wp\/v2\/types\/product"}],"wp:featuredmedia":[{"embeddable":true,"href":"https:\/\/www.malartic-lagraviere.com\/en\/wp-json\/wp\/v2\/media\/4514"}],"wp:attachment":[{"href":"https:\/\/www.malartic-lagraviere.com\/en\/wp-json\/wp\/v2\/media?parent=3774"}],"wp:term":[{"taxonomy":"product_brand","embeddable":true,"href":"https:\/\/www.malartic-lagraviere.com\/en\/wp-json\/wp\/v2\/product_brand?post=3774"},{"taxonomy":"product_cat","embeddable":true,"href":"https:\/\/www.malartic-lagraviere.com\/en\/wp-json\/wp\/v2\/product_cat?post=3774"},{"taxonomy":"product_tag","embeddable":true,"href":"https:\/\/www.malartic-lagraviere.com\/en\/wp-json\/wp\/v2\/product_tag?post=3774"}],"curies":[{"name":"wp","href":"https:\/\/api.w.org\/{rel}","templated":true}]}}